{"id":1126,"date":"2023-12-04T10:57:38","date_gmt":"2023-12-04T10:57:38","guid":{"rendered":"https:\/\/chaseroofindev.wpenginepowered.com\/?page_id=1126"},"modified":"2024-11-14T16:42:25","modified_gmt":"2024-11-14T16:42:25","slug":"aislamiento-del-atico","status":"publish","type":"page","link":"https:\/\/chaseroofing.com\/es\/attic-insulation\/","title":{"rendered":"AISLAMIENTO DEL \u00c1TICO"},"content":{"rendered":"<div data-elementor-type=\"wp-page\" data-elementor-id=\"1126\" class=\"elementor elementor-1126\" data-elementor-post-type=\"page\">\n\t\t\t\t\t\t<section class=\"elementor-section elementor-top-section elementor-element elementor-element-62d58db elementor-section-height-min-height elementor-section-boxed elementor-section-height-default elementor-section-items-middle\" data-id=\"62d58db\" data-element_type=\"section\" data-e-type=\"section\" data-settings=\"{&quot;background_background&quot;:&quot;classic&quot;,&quot;jet_parallax_layout_list&quot;:[]}\">\n\t\t\t\t\t\t\t<div class=\"elementor-background-overlay\"><\/div>\n\t\t\t\t\t\t\t<div class=\"elementor-container elementor-column-gap-default\">\n\t\t\t\t\t<div class=\"elementor-column elementor-col-50 elementor-top-column elementor-element elementor-element-86eca48\" data-id=\"86eca48\" data-element_type=\"column\" data-e-type=\"column\" data-settings=\"{&quot;background_background&quot;:&quot;classic&quot;}\">\n\t\t\t<div class=\"elementor-widget-wrap elementor-element-populated\">\n\t\t\t\t\t\t<div class=\"elementor-element elementor-element-88055ed elementor-widget elementor-widget-heading\" data-id=\"88055ed\" data-element_type=\"widget\" data-e-type=\"widget\" data-widget_type=\"heading.default\">\n\t\t\t\t<div class=\"elementor-widget-container\">\n\t\t\t\t\t<h1 class=\"elementor-heading-title elementor-size-default\">AISLAMIENTO DEL \u00c1TICO\n<\/h1>\t\t\t\t<\/div>\n\t\t\t\t<\/div>\n\t\t\t\t\t<\/div>\n\t\t<\/div>\n\t\t\t\t<div class=\"elementor-column elementor-col-50 elementor-top-column elementor-element elementor-element-3fe5886\" data-id=\"3fe5886\" data-element_type=\"column\" data-e-type=\"column\" data-settings=\"{&quot;background_background&quot;:&quot;classic&quot;}\">\n\t\t\t<div class=\"elementor-widget-wrap\">\n\t\t\t\t\t\t\t<\/div>\n\t\t<\/div>\n\t\t\t\t\t<\/div>\n\t\t<\/section>\n\t\t\t\t<section class=\"elementor-section elementor-top-section elementor-element elementor-element-e4eb6c2 elementor-section-boxed elementor-section-height-default elementor-section-height-default\" data-id=\"e4eb6c2\" data-element_type=\"section\" data-e-type=\"section\" data-settings=\"{&quot;background_background&quot;:&quot;classic&quot;,&quot;jet_parallax_layout_list&quot;:[]}\">\n\t\t\t\t\t\t<div class=\"elementor-container elementor-column-gap-default\">\n\t\t\t\t\t<div class=\"elementor-column elementor-col-100 elementor-top-column elementor-element elementor-element-602ff2a\" data-id=\"602ff2a\" data-element_type=\"column\" data-e-type=\"column\">\n\t\t\t<div class=\"elementor-widget-wrap elementor-element-populated\">\n\t\t\t\t\t\t<div class=\"elementor-element elementor-element-adb8f85 elementor-position-left elementor-vertical-align-middle elementor-hidden-tablet elementor-widget elementor-widget-image-box\" data-id=\"adb8f85\" data-element_type=\"widget\" data-e-type=\"widget\" data-widget_type=\"image-box.default\">\n\t\t\t\t<div class=\"elementor-widget-container\">\n\t\t\t\t\t<div class=\"elementor-image-box-wrapper\"><figure class=\"elementor-image-box-img\"><img fetchpriority=\"high\" decoding=\"async\" width=\"487\" height=\"400\" src=\"https:\/\/chaseroofing.com\/wp-content\/uploads\/2023\/12\/9-640x426-1-487x400xc.jpg\" class=\"attachment-full size-full wp-image-1128\" alt=\"Aplicar material impermeabilizante a un suelo de hormig\u00f3n con una llana, junto a un cubo naranja, refleja la precisi\u00f3n necesaria para instalar un aislamiento energ\u00e9ticamente eficiente para una protecci\u00f3n duradera.\" srcset=\"https:\/\/chaseroofing.com\/wp-content\/uploads\/2023\/12\/9-640x426-1-487x400xc.jpg 487w, https:\/\/chaseroofing.com\/wp-content\/uploads\/2023\/12\/9-640x426-1-487x400xc-300x246.jpg 300w, https:\/\/chaseroofing.com\/wp-content\/uploads\/2023\/12\/9-640x426-1-487x400xc-15x12.jpg 15w\" sizes=\"(max-width: 487px) 100vw, 487px\" \/><\/figure><div class=\"elementor-image-box-content\"><h3 class=\"elementor-image-box-title\">Aislamiento Del \u00c1tico Cerca De M\u00ed En Fort Lauderdale<\/h3><p class=\"elementor-image-box-description\">Ni siquiera el sistema de techado m\u00e1s eficiente desde el punto de vista energ\u00e9tico es suficiente para proteger su hogar. Por eso es importante tener en cuenta el aislamiento del \u00e1tico y una ventilaci\u00f3n adecuada a la hora de abordar un trabajo de renovaci\u00f3n del tejado. Es esencial que el tejado de una casa, el sistema de ventilaci\u00f3n y el aislamiento funcionen juntos como un sistema.\n\nCuando lo hagan, el propietario podr\u00e1 sentir el confort a\u00f1adido de mantener la temperatura interior deseada casi de inmediato. Adem\u00e1s de los beneficios interiores, el aislamiento y la ventilaci\u00f3n adecuados ayudan a que el sistema de techado dure m\u00e1s tiempo al mantener las membranas del tejado m\u00e1s fr\u00edas; evitan la humedad en el sistema de techado que puede atraer termitas.<\/p><\/div><\/div>\t\t\t\t<\/div>\n\t\t\t\t<\/div>\n\t\t\t\t<div class=\"elementor-element elementor-element-6f550ab elementor-hidden-mobile elementor-hidden-desktop elementor-position-top elementor-widget elementor-widget-image-box\" data-id=\"6f550ab\" data-element_type=\"widget\" data-e-type=\"widget\" data-widget_type=\"image-box.default\">\n\t\t\t\t<div class=\"elementor-widget-container\">\n\t\t\t\t\t<div class=\"elementor-image-box-wrapper\"><figure class=\"elementor-image-box-img\"><img fetchpriority=\"high\" decoding=\"async\" width=\"487\" height=\"400\" src=\"https:\/\/chaseroofing.com\/wp-content\/uploads\/2023\/12\/9-640x426-1-487x400xc.jpg\" class=\"attachment-full size-full wp-image-1128\" alt=\"Aplicar material impermeabilizante a un suelo de hormig\u00f3n con una llana, junto a un cubo naranja, refleja la precisi\u00f3n necesaria para instalar un aislamiento energ\u00e9ticamente eficiente para una protecci\u00f3n duradera.\" srcset=\"https:\/\/chaseroofing.com\/wp-content\/uploads\/2023\/12\/9-640x426-1-487x400xc.jpg 487w, https:\/\/chaseroofing.com\/wp-content\/uploads\/2023\/12\/9-640x426-1-487x400xc-300x246.jpg 300w, https:\/\/chaseroofing.com\/wp-content\/uploads\/2023\/12\/9-640x426-1-487x400xc-15x12.jpg 15w\" sizes=\"(max-width: 487px) 100vw, 487px\" \/><\/figure><div class=\"elementor-image-box-content\"><h3 class=\"elementor-image-box-title\">Aislamiento Del \u00c1tico Cerca De M\u00ed En Fort Lauderdale<\/h3><p class=\"elementor-image-box-description\">Ni siquiera el sistema de techado m\u00e1s eficiente desde el punto de vista energ\u00e9tico es suficiente para proteger su hogar. Por eso es importante tener en cuenta el aislamiento del \u00e1tico y una ventilaci\u00f3n adecuada a la hora de abordar un trabajo de renovaci\u00f3n del tejado. Es esencial que el tejado de una casa, el sistema de ventilaci\u00f3n y el aislamiento funcionen juntos como un sistema.\n\nCuando lo hagan, el propietario podr\u00e1 sentir el confort a\u00f1adido de mantener la temperatura interior deseada casi de inmediato. Adem\u00e1s de los beneficios interiores, el aislamiento y la ventilaci\u00f3n adecuados ayudan a que el sistema de techado dure m\u00e1s tiempo al mantener las membranas del tejado m\u00e1s fr\u00edas; evitan la humedad en el sistema de techado que puede atraer termitas.<\/p><\/div><\/div>\t\t\t\t<\/div>\n\t\t\t\t<\/div>\n\t\t\t\t<div class=\"elementor-element elementor-element-deb1c7a elementor-widget elementor-widget-text-editor\" data-id=\"deb1c7a\" data-element_type=\"widget\" data-e-type=\"widget\" data-widget_type=\"text-editor.default\">\n\t\t\t\t<div class=\"elementor-widget-container\">\n\t\t\t\t\t\t\t\t\t<p>A la hora de solicitar aislamiento para \u00e1ticos, nuestros clientes suelen preguntar cu\u00e1l es el mejor. El aislamiento se clasifica utilizando un t\u00e9rmino que describe la resistencia t\u00e9rmica. Ese t\u00e9rmino es su valor R, que indica la resistencia al flujo de calor. Dejando a un lado tecnicismos innecesarios, cuanto mayor sea el valor R, mayor ser\u00e1 la eficacia del aislamiento. Las cualidades del aislamiento que determinan su valor R incluyen el material, el grosor y la densidad. La eficacia del aislamiento tambi\u00e9n depende de d\u00f3nde y c\u00f3mo se instale.<\/p><p>Chase Roofing utiliza normalmente el aislamiento de dos fabricantes principales: la m\u00e1quina sopladora de aislamiento AttiCat\u00ae de Owens Corning y Knauf Jet Stream 73.3.<\/p><p>\u00a1Buenas Noticias! La instalaci\u00f3n de aislamiento del \u00e1tico puede calificar para un reembolso en el marco del programa que participamos y que permite Chase Roofing llamarnos un Contratista Independiente Participante FPLSM. \u00a1Ll\u00e1menos hoy y pregunte acerca de este programa! Preg\u00fantame acerca de FPL Reembolsos.<\/p>\t\t\t\t\t\t\t\t<\/div>\n\t\t\t\t<\/div>\n\t\t\t\t\t<\/div>\n\t\t<\/div>\n\t\t\t\t\t<\/div>\n\t\t<\/section>\n\t\t\t\t<\/div>","protected":false},"excerpt":{"rendered":"<p>ATTIC INSULATION Attic Insulation Near Me In Fort Lauderdale Even the most energy efficient roofing system is not enough to protect your home. That\u2019s why it\u2019s important to consider attic insulation and proper ventilation when approaching a re-roofing job. It is essential that a home\u2019s roof, ventilation system, and insulation work together as a system. [&hellip;]<\/p>\n","protected":false},"author":2,"featured_media":0,"parent":0,"menu_order":0,"comment_status":"closed","ping_status":"closed","template":"elementor_header_footer","meta":{"_monsterinsights_skip_tracking":false,"_monsterinsights_sitenote_active":false,"_monsterinsights_sitenote_note":"","_monsterinsights_sitenote_category":0,"footnotes":""},"class_list":["post-1126","page","type-page","status-publish","hentry"],"_links":{"self":[{"href":"https:\/\/chaseroofing.com\/es\/wp-json\/wp\/v2\/pages\/1126","targetHints":{"allow":["GET"]}}],"collection":[{"href":"https:\/\/chaseroofing.com\/es\/wp-json\/wp\/v2\/pages"}],"about":[{"href":"https:\/\/chaseroofing.com\/es\/wp-json\/wp\/v2\/types\/page"}],"author":[{"embeddable":true,"href":"https:\/\/chaseroofing.com\/es\/wp-json\/wp\/v2\/users\/2"}],"replies":[{"embeddable":true,"href":"https:\/\/chaseroofing.com\/es\/wp-json\/wp\/v2\/comments?post=1126"}],"version-history":[{"count":0,"href":"https:\/\/chaseroofing.com\/es\/wp-json\/wp\/v2\/pages\/1126\/revisions"}],"wp:attachment":[{"href":"https:\/\/chaseroofing.com\/es\/wp-json\/wp\/v2\/media?parent=1126"}],"curies":[{"name":"wp","href":"https:\/\/api.w.org\/{rel}","templated":true}]}}