{"id":1129,"date":"2023-12-04T11:03:56","date_gmt":"2023-12-04T11:03:56","guid":{"rendered":"https:\/\/chaseroofindev.wpenginepowered.com\/?page_id=1129"},"modified":"2024-11-14T16:56:07","modified_gmt":"2024-11-14T16:56:07","slug":"chase-roofing-certificacion-wosb","status":"publish","type":"page","link":"https:\/\/chaseroofing.com\/es\/chase-roofing-wosb-certification\/","title":{"rendered":"Chase Roofing se enorgullece de anunciar que su reconocimiento como Peque\u00f1a Empresa Propiedad de Mujeres (WOSB) ha sido renovado para 2022."},"content":{"rendered":"<div data-elementor-type=\"wp-page\" data-elementor-id=\"1129\" class=\"elementor elementor-1129\" data-elementor-post-type=\"page\">\n\t\t\t\t\t\t<section class=\"elementor-section elementor-top-section elementor-element elementor-element-604d346 elementor-section-height-min-height elementor-section-boxed elementor-section-height-default elementor-section-items-middle\" data-id=\"604d346\" data-element_type=\"section\" data-e-type=\"section\" data-settings=\"{&quot;background_background&quot;:&quot;classic&quot;,&quot;jet_parallax_layout_list&quot;:[]}\">\n\t\t\t\t\t\t\t<div class=\"elementor-background-overlay\"><\/div>\n\t\t\t\t\t\t\t<div class=\"elementor-container elementor-column-gap-default\">\n\t\t\t\t\t<div class=\"elementor-column elementor-col-50 elementor-top-column elementor-element elementor-element-ecde06c\" data-id=\"ecde06c\" data-element_type=\"column\" data-e-type=\"column\" data-settings=\"{&quot;background_background&quot;:&quot;classic&quot;}\">\n\t\t\t<div class=\"elementor-widget-wrap elementor-element-populated\">\n\t\t\t\t\t\t<div class=\"elementor-element elementor-element-9933002 elementor-widget elementor-widget-heading\" data-id=\"9933002\" data-element_type=\"widget\" data-e-type=\"widget\" data-widget_type=\"heading.default\">\n\t\t\t\t<div class=\"elementor-widget-container\">\n\t\t\t\t\t<h1 class=\"elementor-heading-title elementor-size-default\">Certificaci\u00f3n WOSB<\/h1>\t\t\t\t<\/div>\n\t\t\t\t<\/div>\n\t\t\t\t\t<\/div>\n\t\t<\/div>\n\t\t\t\t<div class=\"elementor-column elementor-col-50 elementor-top-column elementor-element elementor-element-d9ff5f5\" data-id=\"d9ff5f5\" data-element_type=\"column\" data-e-type=\"column\" data-settings=\"{&quot;background_background&quot;:&quot;classic&quot;}\">\n\t\t\t<div class=\"elementor-widget-wrap\">\n\t\t\t\t\t\t\t<\/div>\n\t\t<\/div>\n\t\t\t\t\t<\/div>\n\t\t<\/section>\n\t\t\t\t<section class=\"elementor-section elementor-top-section elementor-element elementor-element-12a0ca8 elementor-section-boxed elementor-section-height-default elementor-section-height-default\" data-id=\"12a0ca8\" data-element_type=\"section\" data-e-type=\"section\" data-settings=\"{&quot;background_background&quot;:&quot;classic&quot;,&quot;jet_parallax_layout_list&quot;:[]}\">\n\t\t\t\t\t\t<div class=\"elementor-container elementor-column-gap-default\">\n\t\t\t\t\t<div class=\"elementor-column elementor-col-100 elementor-top-column elementor-element elementor-element-da24228\" data-id=\"da24228\" data-element_type=\"column\" data-e-type=\"column\">\n\t\t\t<div class=\"elementor-widget-wrap elementor-element-populated\">\n\t\t\t\t\t\t<div class=\"elementor-element elementor-element-4261ae8 elementor-position-left elementor-vertical-align-middle elementor-widget elementor-widget-image-box\" data-id=\"4261ae8\" data-element_type=\"widget\" data-e-type=\"widget\" data-widget_type=\"image-box.default\">\n\t\t\t\t<div class=\"elementor-widget-container\">\n\t\t\t\t\t<div class=\"elementor-image-box-wrapper\"><figure class=\"elementor-image-box-img\"><img fetchpriority=\"high\" decoding=\"async\" width=\"1200\" height=\"282\" src=\"https:\/\/chaseroofing.com\/wp-content\/uploads\/2023\/11\/WOSB_SBA_LOGO4-1200x282-1.png.webp\" class=\"attachment-full size-full wp-image-442\" alt=\"Logotipo que muestra una marca de verificaci\u00f3n azul con el texto &quot;Certified SBA WOSB Woman Owned Small Business&quot; (Peque\u00f1a empresa propiedad de mujeres certificada por la SBA), ideal para mostrar a las mujeres en la construcci\u00f3n o a las mujeres en las empresas de tejados.\" srcset=\"https:\/\/chaseroofing.com\/wp-content\/uploads\/2023\/11\/WOSB_SBA_LOGO4-1200x282-1.png.webp 1200w, https:\/\/chaseroofing.com\/wp-content\/uploads\/2023\/11\/WOSB_SBA_LOGO4-1200x282-1.png-300x71.webp 300w, https:\/\/chaseroofing.com\/wp-content\/uploads\/2023\/11\/WOSB_SBA_LOGO4-1200x282-1.png-1024x241.webp 1024w, https:\/\/chaseroofing.com\/wp-content\/uploads\/2023\/11\/WOSB_SBA_LOGO4-1200x282-1.png-768x180.webp 768w, https:\/\/chaseroofing.com\/wp-content\/uploads\/2023\/11\/WOSB_SBA_LOGO4-1200x282-1.png-18x4.webp 18w\" sizes=\"(max-width: 1200px) 100vw, 1200px\" \/><\/figure><div class=\"elementor-image-box-content\"><h3 class=\"elementor-image-box-title\">El tejado Chase <span style=\"color:#263c86\">Obtiene la certificaci\u00f3n WOSB<\/span><\/h3><p class=\"elementor-image-box-description\">Chase Roofing es ahora una empresa designada a nivel federal<\/p><\/div><\/div>\t\t\t\t<\/div>\n\t\t\t\t<\/div>\n\t\t\t\t<div class=\"elementor-element elementor-element-7bb5e1a elementor-widget elementor-widget-heading\" data-id=\"7bb5e1a\" data-element_type=\"widget\" data-e-type=\"widget\" data-widget_type=\"heading.default\">\n\t\t\t\t<div class=\"elementor-widget-container\">\n\t\t\t\t\t<h2 class=\"elementor-heading-title elementor-size-default\">Peque\u00f1a empresa propiedad de mujeres (WOSB).\nChase Roofing se enorgullece de anunciar su reconocimiento como peque\u00f1a empresa propiedad de mujeres (WOSB) designada a nivel federal. <\/h2>\t\t\t\t<\/div>\n\t\t\t\t<\/div>\n\t\t\t\t<div class=\"elementor-element elementor-element-ee4f746 elementor-widget elementor-widget-text-editor\" data-id=\"ee4f746\" data-element_type=\"widget\" data-e-type=\"widget\" data-widget_type=\"text-editor.default\">\n\t\t\t\t<div class=\"elementor-widget-container\">\n\t\t\t\t\t\t\t\t\t<p>El estatus de WOSB permite a Chase Roofing competir por propuestas de contratos legales y de consultor\u00eda profesional y asociarse con otras corporaciones para oportunidades de contratos federales.  En la actualidad, el Gobierno Federal concede aproximadamente el 5% de todas las adjudicaciones de contratos a empresas WOSB y a corporaciones que se asocian con empresas WOSB.  Con esta designaci\u00f3n, The Chase Roofing est\u00e1 doblemente certificada como WOSB y como Empresa de Mujeres Empresarias (WBE), un reconocimiento recibido en 2021 y renovado para 2022.<\/p>\t\t\t\t\t\t\t\t<\/div>\n\t\t\t\t<\/div>\n\t\t\t\t\t<\/div>\n\t\t<\/div>\n\t\t\t\t\t<\/div>\n\t\t<\/section>\n\t\t\t\t<\/div>","protected":false},"excerpt":{"rendered":"<p>WOSB Certification! The Chase Roofing Earns WOSB Certification! Chase Roofing is now a Federally-designated Woman Owned Small Business (WOSB). The Chase Roofing is proud to announce its recognition as a Federally-designated Woman Owned Small Business (WOSB). WOSB status enables Chase Roofing to compete for professional consulting and legal contract proposals and partner with other corporations [&hellip;]<\/p>\n","protected":false},"author":2,"featured_media":0,"parent":0,"menu_order":0,"comment_status":"closed","ping_status":"closed","template":"elementor_header_footer","meta":{"_monsterinsights_skip_tracking":false,"_monsterinsights_sitenote_active":false,"_monsterinsights_sitenote_note":"","_monsterinsights_sitenote_category":0,"footnotes":""},"class_list":["post-1129","page","type-page","status-publish","hentry"],"_links":{"self":[{"href":"https:\/\/chaseroofing.com\/es\/wp-json\/wp\/v2\/pages\/1129","targetHints":{"allow":["GET"]}}],"collection":[{"href":"https:\/\/chaseroofing.com\/es\/wp-json\/wp\/v2\/pages"}],"about":[{"href":"https:\/\/chaseroofing.com\/es\/wp-json\/wp\/v2\/types\/page"}],"author":[{"embeddable":true,"href":"https:\/\/chaseroofing.com\/es\/wp-json\/wp\/v2\/users\/2"}],"replies":[{"embeddable":true,"href":"https:\/\/chaseroofing.com\/es\/wp-json\/wp\/v2\/comments?post=1129"}],"version-history":[{"count":0,"href":"https:\/\/chaseroofing.com\/es\/wp-json\/wp\/v2\/pages\/1129\/revisions"}],"wp:attachment":[{"href":"https:\/\/chaseroofing.com\/es\/wp-json\/wp\/v2\/media?parent=1129"}],"curies":[{"name":"wp","href":"https:\/\/api.w.org\/{rel}","templated":true}]}}