{"id":1141,"date":"2023-12-04T11:32:56","date_gmt":"2023-12-04T11:32:56","guid":{"rendered":"https:\/\/chaseroofindev.wpenginepowered.com\/?page_id=1141"},"modified":"2024-06-27T05:03:21","modified_gmt":"2024-06-27T05:03:21","slug":"mujeres-nacionales-en-la-construccion-de-tejados","status":"publish","type":"page","link":"https:\/\/chaseroofing.com\/es\/national-women-in-roofing\/","title":{"rendered":"MUJERES NACIONALES EN LA CONSTRUCCI\u00d3N DE TEJADOS"},"content":{"rendered":"<div data-elementor-type=\"wp-page\" data-elementor-id=\"1141\" class=\"elementor elementor-1141\" data-elementor-post-type=\"page\">\n\t\t\t\t\t\t<section class=\"elementor-section elementor-top-section elementor-element elementor-element-c5abda1 elementor-section-height-min-height elementor-section-boxed elementor-section-height-default elementor-section-items-middle\" data-id=\"c5abda1\" data-element_type=\"section\" data-e-type=\"section\" data-settings=\"{&quot;background_background&quot;:&quot;classic&quot;,&quot;jet_parallax_layout_list&quot;:[]}\">\n\t\t\t\t\t\t\t<div class=\"elementor-background-overlay\"><\/div>\n\t\t\t\t\t\t\t<div class=\"elementor-container elementor-column-gap-default\">\n\t\t\t\t\t<div class=\"elementor-column elementor-col-50 elementor-top-column elementor-element elementor-element-0e05738\" data-id=\"0e05738\" data-element_type=\"column\" data-e-type=\"column\" data-settings=\"{&quot;background_background&quot;:&quot;classic&quot;}\">\n\t\t\t<div class=\"elementor-widget-wrap elementor-element-populated\">\n\t\t\t\t\t\t<div class=\"elementor-element elementor-element-38a14be elementor-widget elementor-widget-heading\" data-id=\"38a14be\" data-element_type=\"widget\" data-e-type=\"widget\" data-widget_type=\"heading.default\">\n\t\t\t\t<div class=\"elementor-widget-container\">\n\t\t\t\t\t<h1 class=\"elementor-heading-title elementor-size-default\">MUJERES NACIONALES EN LA CONSTRUCCI\u00d3N DE TEJADOS\n<\/h1>\t\t\t\t<\/div>\n\t\t\t\t<\/div>\n\t\t\t\t\t<\/div>\n\t\t<\/div>\n\t\t\t\t<div class=\"elementor-column elementor-col-50 elementor-top-column elementor-element elementor-element-dfd2e3d\" data-id=\"dfd2e3d\" data-element_type=\"column\" data-e-type=\"column\" data-settings=\"{&quot;background_background&quot;:&quot;classic&quot;}\">\n\t\t\t<div class=\"elementor-widget-wrap\">\n\t\t\t\t\t\t\t<\/div>\n\t\t<\/div>\n\t\t\t\t\t<\/div>\n\t\t<\/section>\n\t\t\t\t<section class=\"elementor-section elementor-top-section elementor-element elementor-element-51fd146 elementor-section-boxed elementor-section-height-default elementor-section-height-default\" data-id=\"51fd146\" data-element_type=\"section\" data-e-type=\"section\" data-settings=\"{&quot;background_background&quot;:&quot;classic&quot;,&quot;jet_parallax_layout_list&quot;:[]}\">\n\t\t\t\t\t\t<div class=\"elementor-container elementor-column-gap-default\">\n\t\t\t\t\t<div class=\"elementor-column elementor-col-100 elementor-top-column elementor-element elementor-element-244124a\" data-id=\"244124a\" data-element_type=\"column\" data-e-type=\"column\">\n\t\t\t<div class=\"elementor-widget-wrap elementor-element-populated\">\n\t\t\t\t\t\t<div class=\"elementor-element elementor-element-69dcce3 elementor-position-left elementor-vertical-align-middle elementor-hidden-tablet elementor-widget elementor-widget-image-box\" data-id=\"69dcce3\" data-element_type=\"widget\" data-e-type=\"widget\" data-widget_type=\"image-box.default\">\n\t\t\t\t<div class=\"elementor-widget-container\">\n\t\t\t\t\t<div class=\"elementor-image-box-wrapper\"><figure class=\"elementor-image-box-img\"><img fetchpriority=\"high\" decoding=\"async\" width=\"1438\" height=\"960\" src=\"https:\/\/chaseroofing.com\/wp-content\/uploads\/2023\/12\/national-women1.jpg.webp\" class=\"attachment-full size-full wp-image-1143\" alt=\"Un grupo de mujeres de National Women in Roofing reunidas en el interior para una ceremonia de corte de cinta, con varias de ellas sosteniendo una larga cinta roja. En primer plano hay sillas marrones dispuestas en filas.\" srcset=\"https:\/\/chaseroofing.com\/wp-content\/uploads\/2023\/12\/national-women1.jpg.webp 1438w, https:\/\/chaseroofing.com\/wp-content\/uploads\/2023\/12\/national-women1.jpg-300x200.webp 300w, https:\/\/chaseroofing.com\/wp-content\/uploads\/2023\/12\/national-women1.jpg-1024x684.webp 1024w, https:\/\/chaseroofing.com\/wp-content\/uploads\/2023\/12\/national-women1.jpg-768x513.webp 768w, https:\/\/chaseroofing.com\/wp-content\/uploads\/2023\/12\/national-women1.jpg-18x12.webp 18w\" sizes=\"(max-width: 1438px) 100vw, 1438px\" \/><\/figure><div class=\"elementor-image-box-content\"><p class=\"elementor-image-box-description\">\"En 2014, una organizaci\u00f3n dedicada a ayudar a impulsar la carrera profesional de las mujeres en el sector de las cubiertas era solo una idea. Desde entonces, la idea se ha convertido en un movimiento. National Women in Roofing (NWIR) se present\u00f3 oficialmente en la International Roofing Expo (IRE) de 2016. La organizaci\u00f3n, basada en el voluntariado, se centra en conectar y empoderar a las mujeres, y cuenta con el apoyo de m\u00e1s de 1.000 miembros -muchos de ellos hombres- y casi dos docenas de patrocinadores. Todos ellos comparten el objetivo de trabajar juntos para elevar la profesionalidad de la industria del techado, atraer a m\u00e1s personas a este campo y proporcionar la educaci\u00f3n y la formaci\u00f3n necesarias para garantizar su \u00e9xito futuro.\"  (Chris King - <a href=\"http:\/\/www.roofingmagazine.com\/national-women-in-roofing-taps-into-a-powerful-force\/?utm_source=dlvr.it&amp;utm_medium=facebook\" target=\"_blank\" rel=\"noopener\">Roofing La voz del sector<\/a>)<\/p><\/div><\/div>\t\t\t\t<\/div>\n\t\t\t\t<\/div>\n\t\t\t\t<div class=\"elementor-element elementor-element-80276f7 elementor-hidden-mobile elementor-hidden-desktop elementor-position-top elementor-widget elementor-widget-image-box\" data-id=\"80276f7\" data-element_type=\"widget\" data-e-type=\"widget\" data-widget_type=\"image-box.default\">\n\t\t\t\t<div class=\"elementor-widget-container\">\n\t\t\t\t\t<div class=\"elementor-image-box-wrapper\"><figure class=\"elementor-image-box-img\"><img fetchpriority=\"high\" decoding=\"async\" width=\"1438\" height=\"960\" src=\"https:\/\/chaseroofing.com\/wp-content\/uploads\/2023\/12\/national-women1.jpg.webp\" class=\"attachment-full size-full wp-image-1143\" alt=\"Un grupo de mujeres de National Women in Roofing reunidas en el interior para una ceremonia de corte de cinta, con varias de ellas sosteniendo una larga cinta roja. En primer plano hay sillas marrones dispuestas en filas.\" srcset=\"https:\/\/chaseroofing.com\/wp-content\/uploads\/2023\/12\/national-women1.jpg.webp 1438w, https:\/\/chaseroofing.com\/wp-content\/uploads\/2023\/12\/national-women1.jpg-300x200.webp 300w, https:\/\/chaseroofing.com\/wp-content\/uploads\/2023\/12\/national-women1.jpg-1024x684.webp 1024w, https:\/\/chaseroofing.com\/wp-content\/uploads\/2023\/12\/national-women1.jpg-768x513.webp 768w, https:\/\/chaseroofing.com\/wp-content\/uploads\/2023\/12\/national-women1.jpg-18x12.webp 18w\" sizes=\"(max-width: 1438px) 100vw, 1438px\" \/><\/figure><div class=\"elementor-image-box-content\"><p class=\"elementor-image-box-description\">\"En 2014, una organizaci\u00f3n dedicada a ayudar a impulsar la carrera profesional de las mujeres en el sector de las cubiertas era solo una idea. Desde entonces, la idea se ha convertido en un movimiento. National Women in Roofing (NWIR) se present\u00f3 oficialmente en la International Roofing Expo (IRE) de 2016. La organizaci\u00f3n, basada en el voluntariado, se centra en conectar y empoderar a las mujeres, y cuenta con el apoyo de m\u00e1s de 1.000 miembros -muchos de ellos hombres- y casi dos docenas de patrocinadores. Todos ellos comparten el objetivo de trabajar juntos para elevar la profesionalidad de la industria del techado, atraer a m\u00e1s personas a este campo y proporcionar la educaci\u00f3n y la formaci\u00f3n necesarias para garantizar su \u00e9xito futuro.\"  (Chris King - <a href=\"http:\/\/www.roofingmagazine.com\/national-women-in-roofing-taps-into-a-powerful-force\/?utm_source=dlvr.it&amp;utm_medium=facebook\" target=\"_blank\" rel=\"noopener\">Roofing La voz del sector<\/a>)<\/p><\/div><\/div>\t\t\t\t<\/div>\n\t\t\t\t<\/div>\n\t\t\t\t<div class=\"elementor-element elementor-element-73f04fb elementor-widget elementor-widget-image\" data-id=\"73f04fb\" data-element_type=\"widget\" data-e-type=\"widget\" data-widget_type=\"image.default\">\n\t\t\t\t<div class=\"elementor-widget-container\">\n\t\t\t\t\t\t\t\t\t\t\t\t\t\t\t<img decoding=\"async\" width=\"300\" height=\"85\" src=\"https:\/\/chaseroofing.com\/wp-content\/uploads\/2023\/12\/nwir-logo-300x85-1.png.webp\" class=\"attachment-large size-large wp-image-1144\" alt=\"Logotipo rojo y negro de NMR con letras may\u00fasculas en negrita sobre fondo blanco, que simboliza la fuerza y la unidad, al igual que el esp\u00edritu din\u00e1mico de National Women in Roofing.\" srcset=\"https:\/\/chaseroofing.com\/wp-content\/uploads\/2023\/12\/nwir-logo-300x85-1.png.webp 300w, https:\/\/chaseroofing.com\/wp-content\/uploads\/2023\/12\/nwir-logo-300x85-1.png-18x5.webp 18w\" sizes=\"(max-width: 300px) 100vw, 300px\" \/>\t\t\t\t\t\t\t\t\t\t\t\t\t\t\t<\/div>\n\t\t\t\t<\/div>\n\t\t\t\t\t<\/div>\n\t\t<\/div>\n\t\t\t\t\t<\/div>\n\t\t<\/section>\n\t\t\t\t<\/div>","protected":false},"excerpt":{"rendered":"<p>NATIONAL WOMEN IN ROOFING \u201cIn 2014, an organization devoted to helping advance the careers of women in the roofing industry was just an idea. Since then, the idea has become a movement. National Women in Roofing (NWIR) was officially launched at the International Roofing Expo (IRE) in 2016. The volunteer-based organization focuses on connecting and [&hellip;]<\/p>\n","protected":false},"author":2,"featured_media":0,"parent":0,"menu_order":0,"comment_status":"closed","ping_status":"closed","template":"elementor_header_footer","meta":{"_monsterinsights_skip_tracking":false,"_monsterinsights_sitenote_active":false,"_monsterinsights_sitenote_note":"","_monsterinsights_sitenote_category":0,"footnotes":""},"class_list":["post-1141","page","type-page","status-publish","hentry"],"_links":{"self":[{"href":"https:\/\/chaseroofing.com\/es\/wp-json\/wp\/v2\/pages\/1141","targetHints":{"allow":["GET"]}}],"collection":[{"href":"https:\/\/chaseroofing.com\/es\/wp-json\/wp\/v2\/pages"}],"about":[{"href":"https:\/\/chaseroofing.com\/es\/wp-json\/wp\/v2\/types\/page"}],"author":[{"embeddable":true,"href":"https:\/\/chaseroofing.com\/es\/wp-json\/wp\/v2\/users\/2"}],"replies":[{"embeddable":true,"href":"https:\/\/chaseroofing.com\/es\/wp-json\/wp\/v2\/comments?post=1141"}],"version-history":[{"count":0,"href":"https:\/\/chaseroofing.com\/es\/wp-json\/wp\/v2\/pages\/1141\/revisions"}],"wp:attachment":[{"href":"https:\/\/chaseroofing.com\/es\/wp-json\/wp\/v2\/media?parent=1141"}],"curies":[{"name":"wp","href":"https:\/\/api.w.org\/{rel}","templated":true}]}}