{"id":1145,"date":"2023-12-04T11:39:22","date_gmt":"2023-12-04T11:39:22","guid":{"rendered":"https:\/\/chaseroofindev.wpenginepowered.com\/?page_id=1145"},"modified":"2024-06-29T10:21:13","modified_gmt":"2024-06-29T10:21:13","slug":"podcast","status":"publish","type":"page","link":"https:\/\/chaseroofing.com\/es\/podcast\/","title":{"rendered":"PODCAST"},"content":{"rendered":"<div data-elementor-type=\"wp-page\" data-elementor-id=\"1145\" class=\"elementor elementor-1145\" data-elementor-post-type=\"page\">\n\t\t\t\t\t\t<section class=\"elementor-section elementor-top-section elementor-element elementor-element-8d2c9c7 elementor-section-height-min-height elementor-section-boxed elementor-section-height-default elementor-section-items-middle\" data-id=\"8d2c9c7\" data-element_type=\"section\" data-e-type=\"section\" data-settings=\"{&quot;background_background&quot;:&quot;classic&quot;,&quot;jet_parallax_layout_list&quot;:[]}\">\n\t\t\t\t\t\t\t<div class=\"elementor-background-overlay\"><\/div>\n\t\t\t\t\t\t\t<div class=\"elementor-container elementor-column-gap-default\">\n\t\t\t\t\t<div class=\"elementor-column elementor-col-50 elementor-top-column elementor-element elementor-element-8e16925\" data-id=\"8e16925\" data-element_type=\"column\" data-e-type=\"column\" data-settings=\"{&quot;background_background&quot;:&quot;classic&quot;}\">\n\t\t\t<div class=\"elementor-widget-wrap elementor-element-populated\">\n\t\t\t\t\t\t<div class=\"elementor-element elementor-element-40a68e8 elementor-widget elementor-widget-heading\" data-id=\"40a68e8\" data-element_type=\"widget\" data-e-type=\"widget\" data-widget_type=\"heading.default\">\n\t\t\t\t<div class=\"elementor-widget-container\">\n\t\t\t\t\t<h1 class=\"elementor-heading-title elementor-size-default\">PODCAST\n<\/h1>\t\t\t\t<\/div>\n\t\t\t\t<\/div>\n\t\t\t\t\t<\/div>\n\t\t<\/div>\n\t\t\t\t<div class=\"elementor-column elementor-col-50 elementor-top-column elementor-element elementor-element-12ecbfb\" data-id=\"12ecbfb\" data-element_type=\"column\" data-e-type=\"column\" data-settings=\"{&quot;background_background&quot;:&quot;classic&quot;}\">\n\t\t\t<div class=\"elementor-widget-wrap elementor-element-populated\">\n\t\t\t\t\t\t<div class=\"elementor-element elementor-element-4a08cf0 elementor-pagination-type-bullets elementor--star-style-star_fontawesome elementor-widget elementor-widget-reviews\" data-id=\"4a08cf0\" data-element_type=\"widget\" data-e-type=\"widget\" data-settings=\"{&quot;slides_per_view&quot;:&quot;3&quot;,&quot;slides_per_view_tablet&quot;:&quot;2&quot;,&quot;slides_to_scroll&quot;:&quot;1&quot;,&quot;lazyload&quot;:&quot;yes&quot;,&quot;pagination&quot;:&quot;bullets&quot;,&quot;speed&quot;:500,&quot;autoplay&quot;:&quot;yes&quot;,&quot;autoplay_speed&quot;:5000,&quot;loop&quot;:&quot;yes&quot;,&quot;pause_on_hover&quot;:&quot;yes&quot;,&quot;pause_on_interaction&quot;:&quot;yes&quot;,&quot;space_between&quot;:{&quot;unit&quot;:&quot;px&quot;,&quot;size&quot;:10,&quot;sizes&quot;:[]},&quot;space_between_tablet&quot;:{&quot;unit&quot;:&quot;px&quot;,&quot;size&quot;:10,&quot;sizes&quot;:[]},&quot;space_between_mobile&quot;:{&quot;unit&quot;:&quot;px&quot;,&quot;size&quot;:10,&quot;sizes&quot;:[]}}\" data-widget_type=\"reviews.default\">\n\t\t\t\t<div class=\"elementor-widget-container\">\n\t\t\t\t\t\t\t\t\t<div class=\"elementor-swiper\">\n\t\t\t\t\t<div class=\"elementor-main-swiper swiper\" role=\"region\" aria-roledescription=\"carousel\" aria-label=\"Diapositivas\" data-no-translation-aria-label=\"\">\n\t\t\t\t<div class=\"swiper-wrapper\">\n\t\t\t\t\t\t\t\t\t\t\t<div class=\"swiper-slide\" role=\"group\" aria-roledescription=\"slide\">\n\t\t\t\t\t\t\t\t\t<div class=\"elementor-testimonial elementor-repeater-item-2f915c7\">\n\t\t\t\t\t\t\t<div class=\"elementor-testimonial__header\">\n\t\t\t\t\t\t\t\t\t\t<cite class=\"elementor-testimonial__cite\"><span class=\"elementor-testimonial__name\">Cristino R.<\/span><div class=\"elementor-star-rating\"><i class=\"elementor-star-full\">\ue934<\/i><i class=\"elementor-star-full\">\ue934<\/i><i class=\"elementor-star-full\">\ue934<\/i><i class=\"elementor-star-full\">\ue934<\/i><i class=\"elementor-star-empty\">\ue934<\/i><\/div><\/cite>\t\t\t\t\t<div class=\"elementor-testimonial__icon elementor-icon elementor-icon-\" aria-label=\"Seguir leyendo\" data-no-translation-aria-label=\"\"><\/div>\t\t\t\t<\/div>\n\t\t\t\t\t\t\t\t\t\t<div class=\"elementor-testimonial__content\">\n\t\t\t\t\t<div class=\"elementor-testimonial__text\">\n\t\t\t\t\t\tChase Roofing hizo un trabajo excelente. Todos fueron muy profesionales. Estoy muy satisfecho porque el trabajo se hizo muy bien.\t\t\t\t\t<\/div>\n\t\t\t\t<\/div>\n\t\t\t\t\t<\/div>\n\t\t\t\t\t\t\t\t<\/div>\n\t\t\t\t\t\t\t\t\t<\/div>\n\t\t\t\t\t\t\t<\/div>\n\t\t\t\t<\/div>\n\t\t\t\t\t\t\t\t<\/div>\n\t\t\t\t<\/div>\n\t\t\t\t\t<\/div>\n\t\t<\/div>\n\t\t\t\t\t<\/div>\n\t\t<\/section>\n\t\t\t\t<section class=\"elementor-section elementor-top-section elementor-element elementor-element-46e65b4 elementor-section-boxed elementor-section-height-default elementor-section-height-default\" data-id=\"46e65b4\" data-element_type=\"section\" data-e-type=\"section\" data-settings=\"{&quot;jet_parallax_layout_list&quot;:[]}\">\n\t\t\t\t\t\t<div class=\"elementor-container elementor-column-gap-default\">\n\t\t\t\t\t<div class=\"elementor-column elementor-col-33 elementor-top-column elementor-element elementor-element-96ade23\" data-id=\"96ade23\" data-element_type=\"column\" data-e-type=\"column\">\n\t\t\t<div class=\"elementor-widget-wrap elementor-element-populated\">\n\t\t\t\t\t\t<div class=\"elementor-element elementor-element-5866f17 ekit-equal-height-disable elementor-widget elementor-widget-elementskit-image-box\" data-id=\"5866f17\" data-element_type=\"widget\" data-e-type=\"widget\" data-widget_type=\"elementskit-image-box.default\">\n\t\t\t\t<div class=\"elementor-widget-container\">\n\t\t\t\t\t<div class=\"ekit-wid-con\" >\n            <div class=\"elementskit-info-image-box ekit-image-box text-center simple-card\" >\n\n                \n                <div class=\"elementskit-box-header image-box-img-center\">\n\n                    <img fetchpriority=\"high\" decoding=\"async\" width=\"430\" height=\"430\" src=\"https:\/\/chaseroofing.com\/wp-content\/uploads\/2023\/12\/axel-mencia-5SoYbzKhqfA-unsplash-430x430-1.jpg.webp\" class=\"attachment-full size-full wp-image-1147\" alt=\"Un micr\u00f3fono negro con soporte para tr\u00edpode, listo para la acci\u00f3n sobre un fondo blanco, perfecto para captar los interesantes debates del Podcast Chase Roofing.\" srcset=\"https:\/\/chaseroofing.com\/wp-content\/uploads\/2023\/12\/axel-mencia-5SoYbzKhqfA-unsplash-430x430-1.jpg.webp 430w, https:\/\/chaseroofing.com\/wp-content\/uploads\/2023\/12\/axel-mencia-5SoYbzKhqfA-unsplash-430x430-1.jpg-300x300.webp 300w, https:\/\/chaseroofing.com\/wp-content\/uploads\/2023\/12\/axel-mencia-5SoYbzKhqfA-unsplash-430x430-1.jpg-150x150.webp 150w, https:\/\/chaseroofing.com\/wp-content\/uploads\/2023\/12\/axel-mencia-5SoYbzKhqfA-unsplash-430x430-1.jpg-12x12.webp 12w\" sizes=\"(max-width: 430px) 100vw, 430px\" \/>\n                <\/div>\n                \n                <div class=\"elementskit-box-body ekit-image-box-body\">\n                    <div class=\"elementskit-box-content ekit-image-box-body-inner\">\n                                                <h3 class=\"elementskit-info-box-title\">\n\n                        Nombre del Episodio 1\n                        \n                    <\/h3>\n                                                        <\/div>\n\n                                <div class=\"elementskit-box-footer\">\n                    <div class=\"box-footer\">\n                        <div class=\"btn-wraper\">\n                                                            <a href=\"#\" class=\"elementskit-btn whitespace--normal\">\n                                    \n                                    \n                                    Reproducir Podcast                                <\/a>\n                                                        <\/div>\n                    <\/div>\n                <\/div>\n                            <\/div>\n            <\/div>\n    <\/div>\t\t\t\t<\/div>\n\t\t\t\t<\/div>\n\t\t\t\t\t<\/div>\n\t\t<\/div>\n\t\t\t\t<div class=\"elementor-column elementor-col-33 elementor-top-column elementor-element elementor-element-3f54185\" data-id=\"3f54185\" data-element_type=\"column\" data-e-type=\"column\">\n\t\t\t<div class=\"elementor-widget-wrap elementor-element-populated\">\n\t\t\t\t\t\t<div class=\"elementor-element elementor-element-3de8500 ekit-equal-height-disable elementor-widget elementor-widget-elementskit-image-box\" data-id=\"3de8500\" data-element_type=\"widget\" data-e-type=\"widget\" data-widget_type=\"elementskit-image-box.default\">\n\t\t\t\t<div class=\"elementor-widget-container\">\n\t\t\t\t\t<div class=\"ekit-wid-con\" >\n            <div class=\"elementskit-info-image-box ekit-image-box text-center simple-card\" >\n\n                \n                <div class=\"elementskit-box-header image-box-img-center\">\n\n                    <img fetchpriority=\"high\" decoding=\"async\" width=\"430\" height=\"430\" src=\"https:\/\/chaseroofing.com\/wp-content\/uploads\/2023\/12\/axel-mencia-5SoYbzKhqfA-unsplash-430x430-1.jpg.webp\" class=\"attachment-full size-full wp-image-1147\" alt=\"Un micr\u00f3fono negro con soporte para tr\u00edpode, listo para la acci\u00f3n sobre un fondo blanco, perfecto para captar los interesantes debates del Podcast Chase Roofing.\" srcset=\"https:\/\/chaseroofing.com\/wp-content\/uploads\/2023\/12\/axel-mencia-5SoYbzKhqfA-unsplash-430x430-1.jpg.webp 430w, https:\/\/chaseroofing.com\/wp-content\/uploads\/2023\/12\/axel-mencia-5SoYbzKhqfA-unsplash-430x430-1.jpg-300x300.webp 300w, https:\/\/chaseroofing.com\/wp-content\/uploads\/2023\/12\/axel-mencia-5SoYbzKhqfA-unsplash-430x430-1.jpg-150x150.webp 150w, https:\/\/chaseroofing.com\/wp-content\/uploads\/2023\/12\/axel-mencia-5SoYbzKhqfA-unsplash-430x430-1.jpg-12x12.webp 12w\" sizes=\"(max-width: 430px) 100vw, 430px\" \/>\n                <\/div>\n                \n                <div class=\"elementskit-box-body ekit-image-box-body\">\n                    <div class=\"elementskit-box-content ekit-image-box-body-inner\">\n                                                <h3 class=\"elementskit-info-box-title\">\n\n                        Nombre del Episodio 1\n                        \n                    <\/h3>\n                                                        <\/div>\n\n                                <div class=\"elementskit-box-footer\">\n                    <div class=\"box-footer\">\n                        <div class=\"btn-wraper\">\n                                                            <a href=\"#\" class=\"elementskit-btn whitespace--normal\">\n                                    \n                                    \n                                    Reproducir Podcast                                <\/a>\n                                                        <\/div>\n                    <\/div>\n                <\/div>\n                            <\/div>\n            <\/div>\n    <\/div>\t\t\t\t<\/div>\n\t\t\t\t<\/div>\n\t\t\t\t\t<\/div>\n\t\t<\/div>\n\t\t\t\t<div class=\"elementor-column elementor-col-33 elementor-top-column elementor-element elementor-element-808130c\" data-id=\"808130c\" data-element_type=\"column\" data-e-type=\"column\">\n\t\t\t<div class=\"elementor-widget-wrap elementor-element-populated\">\n\t\t\t\t\t\t<div class=\"elementor-element elementor-element-46dace3 ekit-equal-height-disable elementor-widget elementor-widget-elementskit-image-box\" data-id=\"46dace3\" data-element_type=\"widget\" data-e-type=\"widget\" data-widget_type=\"elementskit-image-box.default\">\n\t\t\t\t<div class=\"elementor-widget-container\">\n\t\t\t\t\t<div class=\"ekit-wid-con\" >\n            <div class=\"elementskit-info-image-box ekit-image-box text-center simple-card\" >\n\n                \n                <div class=\"elementskit-box-header image-box-img-center\">\n\n                    <img fetchpriority=\"high\" decoding=\"async\" width=\"430\" height=\"430\" src=\"https:\/\/chaseroofing.com\/wp-content\/uploads\/2023\/12\/axel-mencia-5SoYbzKhqfA-unsplash-430x430-1.jpg.webp\" class=\"attachment-full size-full wp-image-1147\" alt=\"Un micr\u00f3fono negro con soporte para tr\u00edpode, listo para la acci\u00f3n sobre un fondo blanco, perfecto para captar los interesantes debates del Podcast Chase Roofing.\" srcset=\"https:\/\/chaseroofing.com\/wp-content\/uploads\/2023\/12\/axel-mencia-5SoYbzKhqfA-unsplash-430x430-1.jpg.webp 430w, https:\/\/chaseroofing.com\/wp-content\/uploads\/2023\/12\/axel-mencia-5SoYbzKhqfA-unsplash-430x430-1.jpg-300x300.webp 300w, https:\/\/chaseroofing.com\/wp-content\/uploads\/2023\/12\/axel-mencia-5SoYbzKhqfA-unsplash-430x430-1.jpg-150x150.webp 150w, https:\/\/chaseroofing.com\/wp-content\/uploads\/2023\/12\/axel-mencia-5SoYbzKhqfA-unsplash-430x430-1.jpg-12x12.webp 12w\" sizes=\"(max-width: 430px) 100vw, 430px\" \/>\n                <\/div>\n                \n                <div class=\"elementskit-box-body ekit-image-box-body\">\n                    <div class=\"elementskit-box-content ekit-image-box-body-inner\">\n                                                <h3 class=\"elementskit-info-box-title\">\n\n                        Nombre del Episodio 1\n                        \n                    <\/h3>\n                                                        <\/div>\n\n                                <div class=\"elementskit-box-footer\">\n                    <div class=\"box-footer\">\n                        <div class=\"btn-wraper\">\n                                                            <a href=\"#\" class=\"elementskit-btn whitespace--normal\">\n                                    \n                                    \n                                    Reproducir Podcast                                <\/a>\n                                                        <\/div>\n                    <\/div>\n                <\/div>\n                            <\/div>\n            <\/div>\n    <\/div>\t\t\t\t<\/div>\n\t\t\t\t<\/div>\n\t\t\t\t\t<\/div>\n\t\t<\/div>\n\t\t\t\t\t<\/div>\n\t\t<\/section>\n\t\t\t\t<\/div>","protected":false},"excerpt":{"rendered":"<p>PODCAST Cristino R.&#xE934;&#xE934;&#xE934;&#xE934;&#xE934; Read More Chase Roofing did an excellent job. Everyone was very professional. I am very satisfied because the job was done beautifully. Episode Name 1 Play Podcast Episode Name 1 Play Podcast Episode Name 1 Play Podcast<\/p>","protected":false},"author":2,"featured_media":0,"parent":0,"menu_order":0,"comment_status":"closed","ping_status":"closed","template":"elementor_header_footer","meta":{"_monsterinsights_skip_tracking":false,"_monsterinsights_sitenote_active":false,"_monsterinsights_sitenote_note":"","_monsterinsights_sitenote_category":0,"footnotes":""},"class_list":["post-1145","page","type-page","status-publish","hentry"],"_links":{"self":[{"href":"https:\/\/chaseroofing.com\/es\/wp-json\/wp\/v2\/pages\/1145","targetHints":{"allow":["GET"]}}],"collection":[{"href":"https:\/\/chaseroofing.com\/es\/wp-json\/wp\/v2\/pages"}],"about":[{"href":"https:\/\/chaseroofing.com\/es\/wp-json\/wp\/v2\/types\/page"}],"author":[{"embeddable":true,"href":"https:\/\/chaseroofing.com\/es\/wp-json\/wp\/v2\/users\/2"}],"replies":[{"embeddable":true,"href":"https:\/\/chaseroofing.com\/es\/wp-json\/wp\/v2\/comments?post=1145"}],"version-history":[{"count":0,"href":"https:\/\/chaseroofing.com\/es\/wp-json\/wp\/v2\/pages\/1145\/revisions"}],"wp:attachment":[{"href":"https:\/\/chaseroofing.com\/es\/wp-json\/wp\/v2\/media?parent=1145"}],"curies":[{"name":"wp","href":"https:\/\/api.w.org\/{rel}","templated":true}]}}