{"id":1160,"date":"2023-12-05T04:05:52","date_gmt":"2023-12-05T04:05:52","guid":{"rendered":"https:\/\/chaseroofindev.wpenginepowered.com\/?page_id=1160"},"modified":"2024-06-30T10:03:32","modified_gmt":"2024-06-30T10:03:32","slug":"asociacion-de-contratistas-de-tejados-del-sur-de-florida","status":"publish","type":"page","link":"https:\/\/chaseroofing.com\/es\/roofing-contractors-association-of-south-florida\/","title":{"rendered":"ASOCIACI\u00d3N DE CONTRATISTAS DE TEJADOS DEL SUR DE FLORIDA"},"content":{"rendered":"<div data-elementor-type=\"wp-page\" data-elementor-id=\"1160\" class=\"elementor elementor-1160\" data-elementor-post-type=\"page\">\n\t\t\t\t\t\t<section class=\"elementor-section elementor-top-section elementor-element elementor-element-17a7470 elementor-section-height-min-height elementor-section-boxed elementor-section-height-default elementor-section-items-middle\" data-id=\"17a7470\" data-element_type=\"section\" data-e-type=\"section\" data-settings=\"{&quot;background_background&quot;:&quot;classic&quot;,&quot;jet_parallax_layout_list&quot;:[]}\">\n\t\t\t\t\t\t\t<div class=\"elementor-background-overlay\"><\/div>\n\t\t\t\t\t\t\t<div class=\"elementor-container elementor-column-gap-default\">\n\t\t\t\t\t<div class=\"elementor-column elementor-col-50 elementor-top-column elementor-element elementor-element-0a64ded\" data-id=\"0a64ded\" data-element_type=\"column\" data-e-type=\"column\" data-settings=\"{&quot;background_background&quot;:&quot;classic&quot;}\">\n\t\t\t<div class=\"elementor-widget-wrap elementor-element-populated\">\n\t\t\t\t\t\t<div class=\"elementor-element elementor-element-8c3ace5 elementor-widget elementor-widget-heading\" data-id=\"8c3ace5\" data-element_type=\"widget\" data-e-type=\"widget\" data-widget_type=\"heading.default\">\n\t\t\t\t<div class=\"elementor-widget-container\">\n\t\t\t\t\t<h1 class=\"elementor-heading-title elementor-size-default\">SUR <br> FLORIDA<\/h1>\t\t\t\t<\/div>\n\t\t\t\t<\/div>\n\t\t\t\t\t<\/div>\n\t\t<\/div>\n\t\t\t\t<div class=\"elementor-column elementor-col-50 elementor-top-column elementor-element elementor-element-86c3991\" data-id=\"86c3991\" data-element_type=\"column\" data-e-type=\"column\" data-settings=\"{&quot;background_background&quot;:&quot;classic&quot;}\">\n\t\t\t<div class=\"elementor-widget-wrap\">\n\t\t\t\t\t\t\t<\/div>\n\t\t<\/div>\n\t\t\t\t\t<\/div>\n\t\t<\/section>\n\t\t\t\t<section class=\"elementor-section elementor-top-section elementor-element elementor-element-8143b2b elementor-section-boxed elementor-section-height-default elementor-section-height-default\" data-id=\"8143b2b\" data-element_type=\"section\" data-e-type=\"section\" data-settings=\"{&quot;background_background&quot;:&quot;classic&quot;,&quot;jet_parallax_layout_list&quot;:[]}\">\n\t\t\t\t\t\t<div class=\"elementor-container elementor-column-gap-default\">\n\t\t\t\t\t<div class=\"elementor-column elementor-col-100 elementor-top-column elementor-element elementor-element-df2ec60\" data-id=\"df2ec60\" data-element_type=\"column\" data-e-type=\"column\">\n\t\t\t<div class=\"elementor-widget-wrap elementor-element-populated\">\n\t\t\t\t\t\t<div class=\"elementor-element elementor-element-c42d733 elementor-position-left elementor-vertical-align-middle elementor-hidden-tablet elementor-widget elementor-widget-image-box\" data-id=\"c42d733\" data-element_type=\"widget\" data-e-type=\"widget\" data-widget_type=\"image-box.default\">\n\t\t\t\t<div class=\"elementor-widget-container\">\n\t\t\t\t\t<div class=\"elementor-image-box-wrapper\"><figure class=\"elementor-image-box-img\"><img fetchpriority=\"high\" decoding=\"async\" width=\"225\" height=\"225\" src=\"https:\/\/chaseroofing.com\/wp-content\/uploads\/2023\/12\/Roofing-Contractors-Association-of-South-Florida.jpg.webp\" class=\"attachment-full size-full wp-image-1162\" alt=\"Logotipo de la Asociaci\u00f3n de Contratistas de Tejados del Sur de Florida con el dise\u00f1o de una casa y una palmera sobre un fondo rojo vibrante.\" srcset=\"https:\/\/chaseroofing.com\/wp-content\/uploads\/2023\/12\/Roofing-Contractors-Association-of-South-Florida.jpg.webp 225w, https:\/\/chaseroofing.com\/wp-content\/uploads\/2023\/12\/Roofing-Contractors-Association-of-South-Florida.jpg-150x150.webp 150w, https:\/\/chaseroofing.com\/wp-content\/uploads\/2023\/12\/Roofing-Contractors-Association-of-South-Florida.jpg-12x12.webp 12w\" sizes=\"(max-width: 225px) 100vw, 225px\" \/><\/figure><div class=\"elementor-image-box-content\"><h3 class=\"elementor-image-box-title\">ASOCIACI\u00d3N DE CONTRATISTAS DE TEJADOS DEL SUR DE FLORIDA<\/h3><p class=\"elementor-image-box-description\">\"El prop\u00f3sito de RCASF es fomentar y alentar un alto nivel de \u00e9tica empresarial entre los miembros e informar al p\u00fablico en general de la importancia de hacer negocios con empresas competentes y \u00e9ticas dentro de la comunidad del sur de Florida\".\n\nAdem\u00e1s de mantenerse al d\u00eda sobre los \u00faltimos est\u00e1ndares de la industria, RCASF se ha comprometido a retribuir. En 2019, completaron su 40\u00ba Torneo Anual de Pesca, recaudaron fondos y donaron otro cheque a Make A Wish Foundation. Los contratistas y proveedores tambi\u00e9n se re\u00fanen a lo largo del a\u00f1o en varios proyectos en los que instalan tejados nuevos a quienes m\u00e1s lo necesitan en nuestra propia comunidad.\"<\/p><\/div><\/div>\t\t\t\t<\/div>\n\t\t\t\t<\/div>\n\t\t\t\t<div class=\"elementor-element elementor-element-8448b1f elementor-hidden-desktop elementor-hidden-mobile elementor-position-top elementor-widget elementor-widget-image-box\" data-id=\"8448b1f\" data-element_type=\"widget\" data-e-type=\"widget\" data-widget_type=\"image-box.default\">\n\t\t\t\t<div class=\"elementor-widget-container\">\n\t\t\t\t\t<div class=\"elementor-image-box-wrapper\"><figure class=\"elementor-image-box-img\"><img fetchpriority=\"high\" decoding=\"async\" width=\"225\" height=\"225\" src=\"https:\/\/chaseroofing.com\/wp-content\/uploads\/2023\/12\/Roofing-Contractors-Association-of-South-Florida.jpg.webp\" class=\"attachment-full size-full wp-image-1162\" alt=\"Logotipo de la Asociaci\u00f3n de Contratistas de Tejados del Sur de Florida con el dise\u00f1o de una casa y una palmera sobre un fondo rojo vibrante.\" srcset=\"https:\/\/chaseroofing.com\/wp-content\/uploads\/2023\/12\/Roofing-Contractors-Association-of-South-Florida.jpg.webp 225w, https:\/\/chaseroofing.com\/wp-content\/uploads\/2023\/12\/Roofing-Contractors-Association-of-South-Florida.jpg-150x150.webp 150w, https:\/\/chaseroofing.com\/wp-content\/uploads\/2023\/12\/Roofing-Contractors-Association-of-South-Florida.jpg-12x12.webp 12w\" sizes=\"(max-width: 225px) 100vw, 225px\" \/><\/figure><div class=\"elementor-image-box-content\"><h3 class=\"elementor-image-box-title\">ASOCIACI\u00d3N DE CONTRATISTAS DE TEJADOS DEL SUR DE FLORIDA<\/h3><p class=\"elementor-image-box-description\">\"El prop\u00f3sito de RCASF es fomentar y alentar un alto nivel de \u00e9tica empresarial entre los miembros e informar al p\u00fablico en general de la importancia de hacer negocios con empresas competentes y \u00e9ticas dentro de la comunidad del sur de Florida\".\n\nAdem\u00e1s de mantenerse al d\u00eda sobre los \u00faltimos est\u00e1ndares de la industria, RCASF se ha comprometido a retribuir. En 2019, completaron su 40\u00ba Torneo Anual de Pesca, recaudaron fondos y donaron otro cheque a Make A Wish Foundation. Los contratistas y proveedores tambi\u00e9n se re\u00fanen a lo largo del a\u00f1o en varios proyectos en los que instalan tejados nuevos a quienes m\u00e1s lo necesitan en nuestra propia comunidad.\"<\/p><\/div><\/div>\t\t\t\t<\/div>\n\t\t\t\t<\/div>\n\t\t\t\t\t<\/div>\n\t\t<\/div>\n\t\t\t\t\t<\/div>\n\t\t<\/section>\n\t\t\t\t<\/div>","protected":false},"excerpt":{"rendered":"<p>SOUTH FLORIDA ROOFING CONTRACTORS ASSOCIATION OF SOUTH FLORIDA \u201cThe purpose of RCASF is to foster and encourage a high standard of business ethics among members and to inform the general public of the importance of doing business with competent and ethical firms within the South Florida community. On top of staying up to date on [&hellip;]<\/p>\n","protected":false},"author":2,"featured_media":0,"parent":0,"menu_order":0,"comment_status":"open","ping_status":"closed","template":"elementor_header_footer","meta":{"_monsterinsights_skip_tracking":false,"_monsterinsights_sitenote_active":false,"_monsterinsights_sitenote_note":"","_monsterinsights_sitenote_category":0,"footnotes":""},"class_list":["post-1160","page","type-page","status-publish","hentry"],"_links":{"self":[{"href":"https:\/\/chaseroofing.com\/es\/wp-json\/wp\/v2\/pages\/1160","targetHints":{"allow":["GET"]}}],"collection":[{"href":"https:\/\/chaseroofing.com\/es\/wp-json\/wp\/v2\/pages"}],"about":[{"href":"https:\/\/chaseroofing.com\/es\/wp-json\/wp\/v2\/types\/page"}],"author":[{"embeddable":true,"href":"https:\/\/chaseroofing.com\/es\/wp-json\/wp\/v2\/users\/2"}],"replies":[{"embeddable":true,"href":"https:\/\/chaseroofing.com\/es\/wp-json\/wp\/v2\/comments?post=1160"}],"version-history":[{"count":0,"href":"https:\/\/chaseroofing.com\/es\/wp-json\/wp\/v2\/pages\/1160\/revisions"}],"wp:attachment":[{"href":"https:\/\/chaseroofing.com\/es\/wp-json\/wp\/v2\/media?parent=1160"}],"curies":[{"name":"wp","href":"https:\/\/api.w.org\/{rel}","templated":true}]}}