{"id":1167,"date":"2023-12-05T04:59:15","date_gmt":"2023-12-05T04:59:15","guid":{"rendered":"https:\/\/chaseroofindev.wpenginepowered.com\/?page_id=1167"},"modified":"2024-06-28T15:54:41","modified_gmt":"2024-06-28T15:54:41","slug":"techos-residenciales-tampa-fl","status":"publish","type":"page","link":"https:\/\/chaseroofing.com\/es\/tampa-fl-residential-roofing\/","title":{"rendered":"TAMPA, FL TECHOS RESIDENCIALES"},"content":{"rendered":"<div data-elementor-type=\"wp-page\" data-elementor-id=\"1167\" class=\"elementor elementor-1167\" data-elementor-post-type=\"page\">\n\t\t\t\t\t\t<section class=\"elementor-section elementor-top-section elementor-element elementor-element-7240d16 elementor-section-height-min-height elementor-section-boxed elementor-section-height-default elementor-section-items-middle\" data-id=\"7240d16\" data-element_type=\"section\" data-e-type=\"section\" data-settings=\"{&quot;background_background&quot;:&quot;classic&quot;,&quot;jet_parallax_layout_list&quot;:[]}\">\n\t\t\t\t\t\t\t<div class=\"elementor-background-overlay\"><\/div>\n\t\t\t\t\t\t\t<div class=\"elementor-container elementor-column-gap-default\">\n\t\t\t\t\t<div class=\"elementor-column elementor-col-50 elementor-top-column elementor-element elementor-element-8b2f0bf\" data-id=\"8b2f0bf\" data-element_type=\"column\" data-e-type=\"column\" data-settings=\"{&quot;background_background&quot;:&quot;classic&quot;}\">\n\t\t\t<div class=\"elementor-widget-wrap elementor-element-populated\">\n\t\t\t\t\t\t<div class=\"elementor-element elementor-element-7e1cebe elementor-widget-mobile__width-initial elementor-widget elementor-widget-heading\" data-id=\"7e1cebe\" data-element_type=\"widget\" data-e-type=\"widget\" data-widget_type=\"heading.default\">\n\t\t\t\t<div class=\"elementor-widget-container\">\n\t\t\t\t\t<h2 class=\"elementor-heading-title elementor-size-default\">Ciudad<\/h2>\t\t\t\t<\/div>\n\t\t\t\t<\/div>\n\t\t\t\t\t<\/div>\n\t\t<\/div>\n\t\t\t\t<div class=\"elementor-column elementor-col-50 elementor-top-column elementor-element elementor-element-75cb117\" data-id=\"75cb117\" data-element_type=\"column\" data-e-type=\"column\" data-settings=\"{&quot;background_background&quot;:&quot;classic&quot;}\">\n\t\t\t<div class=\"elementor-widget-wrap elementor-element-populated\">\n\t\t\t\t\t\t<div class=\"elementor-element elementor-element-ff4c03c elementor-widget elementor-widget-heading\" data-id=\"ff4c03c\" data-element_type=\"widget\" data-e-type=\"widget\" data-widget_type=\"heading.default\">\n\t\t\t\t<div class=\"elementor-widget-container\">\n\t\t\t\t\t<h1 class=\"elementor-heading-title elementor-size-default\">TAMPA, FL TECHOS RESIDENCIALES\n<\/h1>\t\t\t\t<\/div>\n\t\t\t\t<\/div>\n\t\t\t\t\t<\/div>\n\t\t<\/div>\n\t\t\t\t\t<\/div>\n\t\t<\/section>\n\t\t\t\t<section class=\"elementor-section elementor-top-section elementor-element elementor-element-33ba44e6 elementor-section-full_width elementor-section-height-default elementor-section-height-default\" data-id=\"33ba44e6\" data-element_type=\"section\" data-e-type=\"section\" data-settings=\"{&quot;background_background&quot;:&quot;classic&quot;,&quot;jet_parallax_layout_list&quot;:[]}\">\n\t\t\t\t\t\t<div class=\"elementor-container elementor-column-gap-default\">\n\t\t\t\t\t<div class=\"elementor-column elementor-col-100 elementor-top-column elementor-element elementor-element-5b41ee85\" data-id=\"5b41ee85\" data-element_type=\"column\" data-e-type=\"column\">\n\t\t\t<div class=\"elementor-widget-wrap elementor-element-populated\">\n\t\t\t\t\t\t<section class=\"elementor-section elementor-inner-section elementor-element elementor-element-19f94bbd elementor-section-boxed elementor-section-height-default elementor-section-height-default\" data-id=\"19f94bbd\" data-element_type=\"section\" data-e-type=\"section\" data-settings=\"{&quot;jet_parallax_layout_list&quot;:[]}\">\n\t\t\t\t\t\t<div class=\"elementor-container elementor-column-gap-default\">\n\t\t\t\t\t<div class=\"elementor-column elementor-col-100 elementor-inner-column elementor-element elementor-element-5cb47dd1\" data-id=\"5cb47dd1\" data-element_type=\"column\" data-e-type=\"column\">\n\t\t\t<div class=\"elementor-widget-wrap elementor-element-populated\">\n\t\t\t\t\t\t<div class=\"elementor-element elementor-element-3608a922 elementor-widget elementor-widget-heading\" data-id=\"3608a922\" data-element_type=\"widget\" data-e-type=\"widget\" data-widget_type=\"heading.default\">\n\t\t\t\t<div class=\"elementor-widget-container\">\n\t\t\t\t\t<h2 class=\"elementor-heading-title elementor-size-default\">Tampa, FL Techos Residenciales\n<\/h2>\t\t\t\t<\/div>\n\t\t\t\t<\/div>\n\t\t\t\t<div class=\"elementor-element elementor-element-419bd344 elementor-widget elementor-widget-heading\" data-id=\"419bd344\" data-element_type=\"widget\" data-e-type=\"widget\" data-widget_type=\"heading.default\">\n\t\t\t\t<div class=\"elementor-widget-container\">\n\t\t\t\t\t<h2 class=\"elementor-heading-title elementor-size-default\">Servicio de techado de calidad en Tampa, Florida \n<\/h2>\t\t\t\t<\/div>\n\t\t\t\t<\/div>\n\t\t\t\t<div class=\"elementor-element elementor-element-43f877ae elementor-widget elementor-widget-text-editor\" data-id=\"43f877ae\" data-element_type=\"widget\" data-e-type=\"widget\" data-widget_type=\"text-editor.default\">\n\t\t\t\t<div class=\"elementor-widget-container\">\n\t\t\t\t\t\t\t\t\t<p>Su tejado es una parte importante de su hogar. Necesita servicios de alta calidad por parte de una empresa experimentada y especializada.\u00a0<b>contratista de cubiertas fiable<\/b>. Es por eso que usted necesita Chase Roofing.\u00a0<\/p><p>Somos una empresa con licencia, fianza y seguro\u00a0<a href=\"https:\/\/chaseroofing.com\/\">contratista de techos al servicio de los propietarios de viviendas en Tampa<\/a>, Florida. Hemos estado proporcionando servicios de techado de calidad en Tampa durante 19 a\u00f1os y hemos construido una reputaci\u00f3n de calidad, confianza, integridad y fiabilidad, que estamos de pie por.<\/p><p>Conf\u00eda en todos tus\u00a0<i>necesidades de techado<\/i>\u00a0a nosotros hoy, y usted no se arrepentir\u00e1 de hacerlo. Nos encargamos de la instalaci\u00f3n del techo, reparaciones, sustituci\u00f3n, inspecci\u00f3n y mantenimiento en Tampa y sus alrededores en la Florida.<\/p>\t\t\t\t\t\t\t\t<\/div>\n\t\t\t\t<\/div>\n\t\t\t\t\t<\/div>\n\t\t<\/div>\n\t\t\t\t\t<\/div>\n\t\t<\/section>\n\t\t\t\t\t<\/div>\n\t\t<\/div>\n\t\t\t\t\t<\/div>\n\t\t<\/section>\n\t\t\t\t<section class=\"elementor-section elementor-top-section elementor-element elementor-element-251fbd63 elementor-section-boxed elementor-section-height-default elementor-section-height-default\" data-id=\"251fbd63\" data-element_type=\"section\" data-e-type=\"section\" data-settings=\"{&quot;background_background&quot;:&quot;gradient&quot;,&quot;shape_divider_top_negative&quot;:&quot;yes&quot;,&quot;shape_divider_top&quot;:&quot;curve&quot;,&quot;shape_divider_bottom&quot;:&quot;curve&quot;,&quot;jet_parallax_layout_list&quot;:[]}\">\n\t\t\t\t\t<div class=\"elementor-shape elementor-shape-top\" aria-hidden=\"true\" data-negative=\"true\">\n\t\t\t<svg xmlns=\"http:\/\/www.w3.org\/2000\/svg\" viewbox=\"0 0 1000 100\" preserveaspectratio=\"none\">\n\t<path class=\"elementor-shape-fill\" d=\"M500,97C126.7,96.3,0.8,19.8,0,0v100l1000,0V1C1000,19.4,873.3,97.8,500,97z\"\/>\n<\/svg>\t\t<\/div>\n\t\t\t\t<div class=\"elementor-shape elementor-shape-bottom\" aria-hidden=\"true\" data-negative=\"false\">\n\t\t\t<svg xmlns=\"http:\/\/www.w3.org\/2000\/svg\" viewbox=\"0 0 1000 100\" preserveaspectratio=\"none\">\n    <path class=\"elementor-shape-fill\" d=\"M1000,4.3V0H0v4.3C0.9,23.1,126.7,99.2,500,100S1000,22.7,1000,4.3z\"\/>\n<\/svg>\t\t<\/div>\n\t\t\t\t\t<div class=\"elementor-container elementor-column-gap-default\">\n\t\t\t\t\t<div class=\"elementor-column elementor-col-100 elementor-top-column elementor-element elementor-element-656c9e24\" data-id=\"656c9e24\" data-element_type=\"column\" data-e-type=\"column\">\n\t\t\t<div class=\"elementor-widget-wrap elementor-element-populated\">\n\t\t\t\t\t\t<div class=\"elementor-element elementor-element-26de1d82 elementor-widget elementor-widget-heading\" data-id=\"26de1d82\" data-element_type=\"widget\" data-e-type=\"widget\" data-widget_type=\"heading.default\">\n\t\t\t\t<div class=\"elementor-widget-container\">\n\t\t\t\t\t<h2 class=\"elementor-heading-title elementor-size-default\">Instalaci\u00f3n del tejado\n<\/h2>\t\t\t\t<\/div>\n\t\t\t\t<\/div>\n\t\t\t\t<div class=\"elementor-element elementor-element-4c9a58fb elementor-widget elementor-widget-text-editor\" data-id=\"4c9a58fb\" data-element_type=\"widget\" data-e-type=\"widget\" data-widget_type=\"text-editor.default\">\n\t\t\t\t<div class=\"elementor-widget-container\">\n\t\t\t\t\t\t\t\t\t<p><i>Instalaci\u00f3n del tejado<\/i>\u00a0es una parte importante de cualquier proyecto de construcci\u00f3n. Esto se debe a que se suma a la belleza exterior de su casa, lo protege y sus ocupantes, y proporciona aislamiento.<\/p><p>En\u00a0<b>Chase Roofing<\/b>En Tampa, Florida, sabemos lo importante que es el techo para cualquier proyecto de construcci\u00f3n, y es por eso que ofrecemos la mejor instalaci\u00f3n de techos a nuestros clientes en Tampa, Florida.\u00a0<\/p><p>Trabajamos con nuestros clientes en funci\u00f3n de sus necesidades de dise\u00f1o y presupuesto para ofrecer un servicio de instalaci\u00f3n de tejados de la m\u00e1xima calidad. Instalamos tejados de tejas de asfalto, tejados met\u00e1licos, tejados de pizarra, tejados de tejas de arcilla y muchos otros materiales para tejados de varios estilos.\u00a0<\/p><p>Sean cuales sean sus necesidades de dise\u00f1o o su presupuesto, estamos preparados para afrontarlo.\u00a0<\/p>\t\t\t\t\t\t\t\t<\/div>\n\t\t\t\t<\/div>\n\t\t\t\t\t<\/div>\n\t\t<\/div>\n\t\t\t\t\t<\/div>\n\t\t<\/section>\n\t\t\t\t<section class=\"elementor-section elementor-top-section elementor-element elementor-element-3d29aec2 elementor-section-full_width elementor-section-height-default elementor-section-height-default\" data-id=\"3d29aec2\" data-element_type=\"section\" data-e-type=\"section\" data-settings=\"{&quot;background_background&quot;:&quot;classic&quot;,&quot;jet_parallax_layout_list&quot;:[]}\">\n\t\t\t\t\t\t<div class=\"elementor-container elementor-column-gap-default\">\n\t\t\t\t\t<div class=\"elementor-column elementor-col-100 elementor-top-column elementor-element elementor-element-6db39d0c\" data-id=\"6db39d0c\" data-element_type=\"column\" data-e-type=\"column\">\n\t\t\t<div class=\"elementor-widget-wrap elementor-element-populated\">\n\t\t\t\t\t\t<section class=\"elementor-section elementor-inner-section elementor-element elementor-element-7a8d3966 elementor-section-boxed elementor-section-height-default elementor-section-height-default\" data-id=\"7a8d3966\" data-element_type=\"section\" data-e-type=\"section\" data-settings=\"{&quot;jet_parallax_layout_list&quot;:[]}\">\n\t\t\t\t\t\t<div class=\"elementor-container elementor-column-gap-default\">\n\t\t\t\t\t<div class=\"elementor-column elementor-col-50 elementor-inner-column elementor-element elementor-element-56f63c2\" data-id=\"56f63c2\" data-element_type=\"column\" data-e-type=\"column\">\n\t\t\t<div class=\"elementor-widget-wrap elementor-element-populated\">\n\t\t\t\t\t\t<div class=\"elementor-element elementor-element-7e3809f elementor-widget elementor-widget-heading\" data-id=\"7e3809f\" data-element_type=\"widget\" data-e-type=\"widget\" data-widget_type=\"heading.default\">\n\t\t\t\t<div class=\"elementor-widget-container\">\n\t\t\t\t\t<h2 class=\"elementor-heading-title elementor-size-default\">Reparaci\u00f3n de tejados en Tampa\n<\/h2>\t\t\t\t<\/div>\n\t\t\t\t<\/div>\n\t\t\t\t<div class=\"elementor-element elementor-element-569d91ea elementor-widget elementor-widget-text-editor\" data-id=\"569d91ea\" data-element_type=\"widget\" data-e-type=\"widget\" data-widget_type=\"text-editor.default\">\n\t\t\t\t<div class=\"elementor-widget-container\">\n\t\t\t\t\t\t\t\t\t<p>Las reparaciones del techo son parte de la vida de los propietarios de viviendas en Tampa, Florida. Las reparaciones pueden ser necesarias porque su techo est\u00e1 envejeciendo o recientemente sufri\u00f3 da\u00f1os durante un evento clim\u00e1tico importante como un hurac\u00e1n o un tornado, que son comunes en la Florida.\u00a0<\/p><p>Ofrecemos calidad\u00a0<i>servicios de reparaci\u00f3n de tejados en Tampa<\/i>\u00a0que devolver\u00e1n su tejado a su estado original. Tenemos experiencia en la gesti\u00f3n de diversas necesidades de reparaci\u00f3n de tejados.<\/p>\t\t\t\t\t\t\t\t<\/div>\n\t\t\t\t<\/div>\n\t\t\t\t\t<\/div>\n\t\t<\/div>\n\t\t\t\t<div class=\"elementor-column elementor-col-50 elementor-inner-column elementor-element elementor-element-6f48e3c2\" data-id=\"6f48e3c2\" data-element_type=\"column\" data-e-type=\"column\">\n\t\t\t<div class=\"elementor-widget-wrap elementor-element-populated\">\n\t\t\t\t\t\t<div class=\"elementor-element elementor-element-9a0b553 elementor-widget elementor-widget-image\" data-id=\"9a0b553\" data-element_type=\"widget\" data-e-type=\"widget\" data-widget_type=\"image.default\">\n\t\t\t\t<div class=\"elementor-widget-container\">\n\t\t\t\t\t\t\t\t\t\t\t\t\t\t\t<img fetchpriority=\"high\" decoding=\"async\" width=\"1200\" height=\"641\" src=\"https:\/\/chaseroofing.com\/wp-content\/uploads\/2023\/11\/Shingle-replacement-roof-installation.jpeg.webp\" class=\"attachment-full size-full wp-image-361\" alt=\"Un trabajador con sombrero de paja instala tejas en un tejado residencial en un d\u00eda despejado, con palmeras visibles al fondo, destacando la reparaci\u00f3n de tejas que Fort Lauderdale requiere a menudo.\" srcset=\"https:\/\/chaseroofing.com\/wp-content\/uploads\/2023\/11\/Shingle-replacement-roof-installation.jpeg.webp 1200w, https:\/\/chaseroofing.com\/wp-content\/uploads\/2023\/11\/Shingle-replacement-roof-installation.jpeg-300x160.webp 300w, https:\/\/chaseroofing.com\/wp-content\/uploads\/2023\/11\/Shingle-replacement-roof-installation.jpeg-1024x547.webp 1024w, https:\/\/chaseroofing.com\/wp-content\/uploads\/2023\/11\/Shingle-replacement-roof-installation.jpeg-768x410.webp 768w, https:\/\/chaseroofing.com\/wp-content\/uploads\/2023\/11\/Shingle-replacement-roof-installation.jpeg-18x10.webp 18w\" sizes=\"(max-width: 1200px) 100vw, 1200px\" \/>\t\t\t\t\t\t\t\t\t\t\t\t\t\t\t<\/div>\n\t\t\t\t<\/div>\n\t\t\t\t\t<\/div>\n\t\t<\/div>\n\t\t\t\t\t<\/div>\n\t\t<\/section>\n\t\t\t\t<section class=\"elementor-section elementor-inner-section elementor-element elementor-element-3ee6ac06 elementor-section-boxed elementor-section-height-default elementor-section-height-default\" data-id=\"3ee6ac06\" data-element_type=\"section\" data-e-type=\"section\" data-settings=\"{&quot;jet_parallax_layout_list&quot;:[]}\">\n\t\t\t\t\t\t<div class=\"elementor-container elementor-column-gap-default\">\n\t\t\t\t\t<div class=\"elementor-column elementor-col-100 elementor-inner-column elementor-element elementor-element-509dcfb3\" data-id=\"509dcfb3\" data-element_type=\"column\" data-e-type=\"column\">\n\t\t\t<div class=\"elementor-widget-wrap elementor-element-populated\">\n\t\t\t\t\t\t<div class=\"elementor-element elementor-element-52a7c219 elementor-widget elementor-widget-heading\" data-id=\"52a7c219\" data-element_type=\"widget\" data-e-type=\"widget\" data-widget_type=\"heading.default\">\n\t\t\t\t<div class=\"elementor-widget-container\">\n\t\t\t\t\t<h2 class=\"elementor-heading-title elementor-size-default\">Estos son los signos m\u00e1s comunes de que su tejado necesita reparaciones:\n<\/h2>\t\t\t\t<\/div>\n\t\t\t\t<\/div>\n\t\t\t\t<div class=\"elementor-element elementor-element-7d91d725 elementor-widget elementor-widget-text-editor\" data-id=\"7d91d725\" data-element_type=\"widget\" data-e-type=\"widget\" data-widget_type=\"text-editor.default\">\n\t\t\t\t<div class=\"elementor-widget-container\">\n\t\t\t\t\t\t\t\t\t<ul><li aria-level=\"1\">Manchas de agua frecuentes en el techo o en las paredes interiores, especialmente despu\u00e9s de lluvias intensas.\u00a0<\/li><li aria-level=\"1\">Fugas en el tejado<\/li><li aria-level=\"1\">Granos de teja en los canalones<\/li><li aria-level=\"1\">Manchas de madera en el \u00e1tico<\/li><li aria-level=\"1\">Acumulaci\u00f3n de moho y musgo\u00a0<\/li><li aria-level=\"1\">Papeles pintados descascarillados\u00a0<\/li><li aria-level=\"1\">Debilitamiento del entarimado subyacente por exposici\u00f3n a la humedad<\/li><li aria-level=\"1\">Tapajuntas sueltos o da\u00f1ados<\/li><\/ul><p>P\u00f3ngase en contacto con Chase Roofing hoy mismo para\u00a0<b>reparaci\u00f3n de tejados<\/b>\u00a0en Tampa y sus alrededores.\u00a0<\/p>\t\t\t\t\t\t\t\t<\/div>\n\t\t\t\t<\/div>\n\t\t\t\t<div class=\"elementor-element elementor-element-2af0b3ba elementor-widget elementor-widget-heading\" data-id=\"2af0b3ba\" data-element_type=\"widget\" data-e-type=\"widget\" data-widget_type=\"heading.default\">\n\t\t\t\t<div class=\"elementor-widget-container\">\n\t\t\t\t\t<h2 class=\"elementor-heading-title elementor-size-default\">Sustituci\u00f3n de tejados en Tampa \n<\/h2>\t\t\t\t<\/div>\n\t\t\t\t<\/div>\n\t\t\t\t<div class=\"elementor-element elementor-element-1ca84f18 elementor-widget elementor-widget-text-editor\" data-id=\"1ca84f18\" data-element_type=\"widget\" data-e-type=\"widget\" data-widget_type=\"text-editor.default\">\n\t\t\t\t<div class=\"elementor-widget-container\">\n\t\t\t\t\t\t\t\t\t<p><i>Sustituci\u00f3n del tejado<\/i>\u00a0puede ser necesaria cuando su antiguo tejado ha sufrido grandes da\u00f1os o ha llegado al final de su vida \u00fatil. En estos casos, la reparaci\u00f3n puede resultar inviable.\u00a0<\/p><p>Tambi\u00e9n es posible que est\u00e9 renovando su casa y desee un modelo m\u00e1s nuevo o una mejora de su tejado. Dependiendo del estilo de su casa, puede decidir cambiar las tejas de asfalto por tejas de cedro o tejas.<\/p><p>Chase Roofing proporciona\u00a0<b>servicios de sustituci\u00f3n de tejados<\/b>\u00a0a los propietarios de viviendas en Tampa, Florida. Tenemos experiencia en el manejo de diversos materiales y estilos de techo.\u00a0<\/p><p>Tenemos m\u00e1s de 19 a\u00f1os de experiencia como contratistas de techos manejo de materiales para techos como tejas de asfalto, techos de metal, tejas de arcilla, tejas de madera, y muchos m\u00e1s.\u00a0<\/p><p>Conf\u00edenos hoy mismo la sustituci\u00f3n de su tejado. Somos fiables, eficientes y asequibles.<\/p>\t\t\t\t\t\t\t\t<\/div>\n\t\t\t\t<\/div>\n\t\t\t\t\t<\/div>\n\t\t<\/div>\n\t\t\t\t\t<\/div>\n\t\t<\/section>\n\t\t\t\t\t<\/div>\n\t\t<\/div>\n\t\t\t\t\t<\/div>\n\t\t<\/section>\n\t\t\t\t<section class=\"elementor-section elementor-top-section elementor-element elementor-element-fe41dc8 elementor-section-boxed elementor-section-height-default elementor-section-height-default\" data-id=\"fe41dc8\" data-element_type=\"section\" data-e-type=\"section\" data-settings=\"{&quot;background_background&quot;:&quot;classic&quot;,&quot;jet_parallax_layout_list&quot;:[]}\">\n\t\t\t\t\t\t<div class=\"elementor-container elementor-column-gap-default\">\n\t\t\t\t\t<div class=\"elementor-column elementor-col-100 elementor-top-column elementor-element elementor-element-33ecf886\" data-id=\"33ecf886\" data-element_type=\"column\" data-e-type=\"column\" data-settings=\"{&quot;background_background&quot;:&quot;classic&quot;}\">\n\t\t\t<div class=\"elementor-widget-wrap elementor-element-populated\">\n\t\t\t\t\t\t<div class=\"elementor-element elementor-element-25f218fc elementor-widget elementor-widget-heading\" data-id=\"25f218fc\" data-element_type=\"widget\" data-e-type=\"widget\" data-widget_type=\"heading.default\">\n\t\t\t\t<div class=\"elementor-widget-container\">\n\t\t\t\t\t<h2 class=\"elementor-heading-title elementor-size-default\">Inspecci\u00f3n y mantenimiento de tejados en Tampa \n<\/h2>\t\t\t\t<\/div>\n\t\t\t\t<\/div>\n\t\t\t\t<section class=\"elementor-section elementor-inner-section elementor-element elementor-element-2aad558c elementor-section-boxed elementor-section-height-default elementor-section-height-default\" data-id=\"2aad558c\" data-element_type=\"section\" data-e-type=\"section\" data-settings=\"{&quot;jet_parallax_layout_list&quot;:[]}\">\n\t\t\t\t\t\t<div class=\"elementor-container elementor-column-gap-default\">\n\t\t\t\t\t<div class=\"elementor-column elementor-col-50 elementor-inner-column elementor-element elementor-element-151ca288\" data-id=\"151ca288\" data-element_type=\"column\" data-e-type=\"column\">\n\t\t\t<div class=\"elementor-widget-wrap elementor-element-populated\">\n\t\t\t\t\t\t<div class=\"elementor-element elementor-element-7c33a0ee elementor-widget elementor-widget-google_maps\" data-id=\"7c33a0ee\" data-element_type=\"widget\" data-e-type=\"widget\" data-widget_type=\"google_maps.default\">\n\t\t\t\t<div class=\"elementor-widget-container\">\n\t\t\t\t\t\t\t<div class=\"elementor-custom-embed\">\n\t\t\t<iframe loading=\"lazy\"\n\t\t\t\t\tsrc=\"https:\/\/maps.google.com\/maps?q=Chase%20Roofing%2040415%20Chancey%20Rd%20STE%20103%2C%20Zephyrhills%2C%20FL%2033542%2C%20United%20States&#038;t=m&#038;z=15&#038;output=embed&#038;iwloc=near\"\n\t\t\t\t\ttitle=\"Chase Roofing 40415 Chancey Rd STE 103, Zephyrhills, FL 33542, Estados Unidos\"\n\t\t\t\t\taria-label=\"Chase Roofing 40415 Chancey Rd STE 103, Zephyrhills, FL 33542, Estados Unidos\"\n\t\t\t><\/iframe>\n\t\t<\/div>\n\t\t\t\t\t\t<\/div>\n\t\t\t\t<\/div>\n\t\t\t\t\t<\/div>\n\t\t<\/div>\n\t\t\t\t<div class=\"elementor-column elementor-col-50 elementor-inner-column elementor-element elementor-element-1c748b83\" data-id=\"1c748b83\" data-element_type=\"column\" data-e-type=\"column\">\n\t\t\t<div class=\"elementor-widget-wrap elementor-element-populated\">\n\t\t\t\t\t\t<div class=\"elementor-element elementor-element-4513de8b elementor-widget elementor-widget-text-editor\" data-id=\"4513de8b\" data-element_type=\"widget\" data-e-type=\"widget\" data-widget_type=\"text-editor.default\">\n\t\t\t\t<div class=\"elementor-widget-container\">\n\t\t\t\t\t\t\t\t\t<p>Al igual que cualquier otra parte de la casa, su tejado requiere un mantenimiento regular para un funcionamiento saludable y una larga vida \u00fatil. Una parte clave del mantenimiento del tejado y de los cuidados preventivos es la inspecci\u00f3n peri\u00f3dica.<\/p><p>Su tejado requiere una inspecci\u00f3n frecuente y minuciosa por parte de profesionales con experiencia. Muchos propietarios piensan que la inspecci\u00f3n de sus tejados s\u00f3lo es necesaria cuando hay que hacer una reparaci\u00f3n o cuando empiezan a notar signos de aver\u00eda en ellos, como una gotera o paredes mojadas.\u00a0<\/p><p>A menudo, las inspecciones peri\u00f3dicas pueden evitar estos fallos y ahorrarle cientos de euros en reparaciones. Esto se debe a que, durante una inspecci\u00f3n, estos problemas se detectan a tiempo y se cortan de ra\u00edz antes de que se conviertan en problemas mayores.\u00a0<\/p><p>En\u00a0<i>Asociaci\u00f3n Nacional de Tejados<\/i>\u00a0tambi\u00e9n recomienda inspeccionar peri\u00f3dicamente el tejado al menos una vez al a\u00f1o.\u00a0<\/p><p>En Chase Roofing, nuestros especialistas en tejados recomiendan una inspecci\u00f3n dos veces al a\u00f1o. Ofrecemos una completa\u00a0<b>paquete de mantenimiento de tejados<\/b>\u00a0garantizado para mantener su tejado en plena forma y garantizar su longevidad. P\u00f3ngase en contacto con nosotros hoy mismo para concertar una cita.<\/p>\t\t\t\t\t\t\t\t<\/div>\n\t\t\t\t<\/div>\n\t\t\t\t\t<\/div>\n\t\t<\/div>\n\t\t\t\t\t<\/div>\n\t\t<\/section>\n\t\t\t\t\t<\/div>\n\t\t<\/div>\n\t\t\t\t\t<\/div>\n\t\t<\/section>\n\t\t\t\t<\/div>","protected":false},"excerpt":{"rendered":"<p>City TAMPA, FL RESIDENTIAL ROOFING Tampa, FL Residential Roofing Quality Roofing Service in Tampa, Florida Your roof is an important part of your home. It needs top-quality services from an experienced and\u00a0reliable roofing contractor. That is why you need Chase Roofing.\u00a0 We are a licensed, bonded, and insured\u00a0roofing contractor serving homeowners in Tampa, Florida. We [&hellip;]<\/p>\n","protected":false},"author":2,"featured_media":0,"parent":0,"menu_order":0,"comment_status":"closed","ping_status":"closed","template":"","meta":{"_acf_changed":false,"_monsterinsights_skip_tracking":false,"_monsterinsights_sitenote_active":false,"_monsterinsights_sitenote_note":"","_monsterinsights_sitenote_category":0,"footnotes":""},"class_list":["post-1167","page","type-page","status-publish","hentry"],"acf":[],"_links":{"self":[{"href":"https:\/\/chaseroofing.com\/es\/wp-json\/wp\/v2\/pages\/1167","targetHints":{"allow":["GET"]}}],"collection":[{"href":"https:\/\/chaseroofing.com\/es\/wp-json\/wp\/v2\/pages"}],"about":[{"href":"https:\/\/chaseroofing.com\/es\/wp-json\/wp\/v2\/types\/page"}],"author":[{"embeddable":true,"href":"https:\/\/chaseroofing.com\/es\/wp-json\/wp\/v2\/users\/2"}],"replies":[{"embeddable":true,"href":"https:\/\/chaseroofing.com\/es\/wp-json\/wp\/v2\/comments?post=1167"}],"version-history":[{"count":0,"href":"https:\/\/chaseroofing.com\/es\/wp-json\/wp\/v2\/pages\/1167\/revisions"}],"wp:attachment":[{"href":"https:\/\/chaseroofing.com\/es\/wp-json\/wp\/v2\/media?parent=1167"}],"curies":[{"name":"wp","href":"https:\/\/api.w.org\/{rel}","templated":true}]}}