{"id":1174,"date":"2023-12-05T05:19:00","date_gmt":"2023-12-05T05:19:00","guid":{"rendered":"https:\/\/chaseroofindev.wpenginepowered.com\/?page_id=1174"},"modified":"2024-06-30T10:26:38","modified_gmt":"2024-06-30T10:26:38","slug":"techos-residenciales-weston-fl","status":"publish","type":"page","link":"https:\/\/chaseroofing.com\/es\/weston-fl-residential-roofing\/","title":{"rendered":"TECHOS RESIDENCIALES WESTON, FL"},"content":{"rendered":"<div data-elementor-type=\"wp-page\" data-elementor-id=\"1174\" class=\"elementor elementor-1174\" data-elementor-post-type=\"page\">\n\t\t\t\t\t\t<section class=\"elementor-section elementor-top-section elementor-element elementor-element-6590c05 elementor-section-height-min-height elementor-section-boxed elementor-section-height-default elementor-section-items-middle\" data-id=\"6590c05\" data-element_type=\"section\" data-e-type=\"section\" data-settings=\"{&quot;background_background&quot;:&quot;classic&quot;,&quot;jet_parallax_layout_list&quot;:[]}\">\n\t\t\t\t\t\t\t<div class=\"elementor-background-overlay\"><\/div>\n\t\t\t\t\t\t\t<div class=\"elementor-container elementor-column-gap-default\">\n\t\t\t\t\t<div class=\"elementor-column elementor-col-50 elementor-top-column elementor-element elementor-element-f5578b5\" data-id=\"f5578b5\" data-element_type=\"column\" data-e-type=\"column\" data-settings=\"{&quot;background_background&quot;:&quot;classic&quot;}\">\n\t\t\t<div class=\"elementor-widget-wrap elementor-element-populated\">\n\t\t\t\t\t\t<div class=\"elementor-element elementor-element-4fb1edf elementor-widget-mobile__width-initial elementor-widget elementor-widget-heading\" data-id=\"4fb1edf\" data-element_type=\"widget\" data-e-type=\"widget\" data-widget_type=\"heading.default\">\n\t\t\t\t<div class=\"elementor-widget-container\">\n\t\t\t\t\t<h2 class=\"elementor-heading-title elementor-size-default\">Ciudad<\/h2>\t\t\t\t<\/div>\n\t\t\t\t<\/div>\n\t\t\t\t\t<\/div>\n\t\t<\/div>\n\t\t\t\t<div class=\"elementor-column elementor-col-50 elementor-top-column elementor-element elementor-element-79e145a\" data-id=\"79e145a\" data-element_type=\"column\" data-e-type=\"column\" data-settings=\"{&quot;background_background&quot;:&quot;classic&quot;}\">\n\t\t\t<div class=\"elementor-widget-wrap elementor-element-populated\">\n\t\t\t\t\t\t<div class=\"elementor-element elementor-element-ef1f8ad elementor-widget elementor-widget-heading\" data-id=\"ef1f8ad\" data-element_type=\"widget\" data-e-type=\"widget\" data-widget_type=\"heading.default\">\n\t\t\t\t<div class=\"elementor-widget-container\">\n\t\t\t\t\t<h1 class=\"elementor-heading-title elementor-size-default\">TECHOS RESIDENCIALES WESTON, FL\n<\/h1>\t\t\t\t<\/div>\n\t\t\t\t<\/div>\n\t\t\t\t\t<\/div>\n\t\t<\/div>\n\t\t\t\t\t<\/div>\n\t\t<\/section>\n\t\t\t\t<section class=\"elementor-section elementor-top-section elementor-element elementor-element-7731af20 elementor-section-full_width elementor-section-height-default elementor-section-height-default\" data-id=\"7731af20\" data-element_type=\"section\" data-e-type=\"section\" data-settings=\"{&quot;background_background&quot;:&quot;classic&quot;,&quot;jet_parallax_layout_list&quot;:[]}\">\n\t\t\t\t\t\t<div class=\"elementor-container elementor-column-gap-default\">\n\t\t\t\t\t<div class=\"elementor-column elementor-col-100 elementor-top-column elementor-element elementor-element-300c0789\" data-id=\"300c0789\" data-element_type=\"column\" data-e-type=\"column\">\n\t\t\t<div class=\"elementor-widget-wrap elementor-element-populated\">\n\t\t\t\t\t\t<section class=\"elementor-section elementor-inner-section elementor-element elementor-element-5d87b878 elementor-section-boxed elementor-section-height-default elementor-section-height-default\" data-id=\"5d87b878\" data-element_type=\"section\" data-e-type=\"section\" data-settings=\"{&quot;jet_parallax_layout_list&quot;:[]}\">\n\t\t\t\t\t\t<div class=\"elementor-container elementor-column-gap-default\">\n\t\t\t\t\t<div class=\"elementor-column elementor-col-100 elementor-inner-column elementor-element elementor-element-6141bb87\" data-id=\"6141bb87\" data-element_type=\"column\" data-e-type=\"column\">\n\t\t\t<div class=\"elementor-widget-wrap elementor-element-populated\">\n\t\t\t\t\t\t<div class=\"elementor-element elementor-element-3dd2be30 elementor-widget elementor-widget-heading\" data-id=\"3dd2be30\" data-element_type=\"widget\" data-e-type=\"widget\" data-widget_type=\"heading.default\">\n\t\t\t\t<div class=\"elementor-widget-container\">\n\t\t\t\t\t<h2 class=\"elementor-heading-title elementor-size-default\">Weston, FL Techos Residenciales\n<\/h2>\t\t\t\t<\/div>\n\t\t\t\t<\/div>\n\t\t\t\t<div class=\"elementor-element elementor-element-14727bfe elementor-widget elementor-widget-text-editor\" data-id=\"14727bfe\" data-element_type=\"widget\" data-e-type=\"widget\" data-widget_type=\"text-editor.default\">\n\t\t\t\t<div class=\"elementor-widget-container\">\n\t\t\t\t\t\t\t\t\t<p>El tejado de su casa est\u00e1 m\u00e1s expuesto a los elementos que casi cualquier otra parte de la vivienda. Su tejado debe ser una prioridad absoluta como parte importante de la casa.\u00a0<\/p><p>Contratar los servicios de un contratista de cubiertas de calidad para su\u00a0<a href=\"https:\/\/chaseroofing.com\/\">necesidades de techado en Weston, FL<\/a>es importante. Adem\u00e1s de proporcionar una cubierta protectora para su casa y propiedades, su tejado a\u00f1ade atractivo exterior a su casa y proporciona aislamiento contra el clima c\u00e1lido de Weston. Su tejado es importante.\u00a0<\/p><p>En\u00a0<b>Chase Roofing<\/b>Sabemos lo importante que es el techo de su casa, y tenemos especial cuidado para asegurarse de que ofrecemos la mejor instalaci\u00f3n y el cuidado de su techo. Somos una empresa certificada, propiedad de mujeres, local y de primera categor\u00eda.\u00a0<i>contratista de cubiertas en Weston<\/i>Florida.\u00a0<\/p><p>Con 19 a\u00f1os de\u00a0<i>experiencia en el sector de las cubiertas<\/i>Tenemos la experiencia necesaria para manejar todas sus necesidades de techado en Weston, FL.\u00a0<\/p>\t\t\t\t\t\t\t\t<\/div>\n\t\t\t\t<\/div>\n\t\t\t\t\t<\/div>\n\t\t<\/div>\n\t\t\t\t\t<\/div>\n\t\t<\/section>\n\t\t\t\t\t<\/div>\n\t\t<\/div>\n\t\t\t\t\t<\/div>\n\t\t<\/section>\n\t\t\t\t<section class=\"elementor-section elementor-top-section elementor-element elementor-element-707c56e8 elementor-section-boxed elementor-section-height-default elementor-section-height-default\" data-id=\"707c56e8\" data-element_type=\"section\" data-e-type=\"section\" data-settings=\"{&quot;background_background&quot;:&quot;gradient&quot;,&quot;shape_divider_top_negative&quot;:&quot;yes&quot;,&quot;shape_divider_top&quot;:&quot;curve&quot;,&quot;shape_divider_bottom&quot;:&quot;curve&quot;,&quot;jet_parallax_layout_list&quot;:[]}\">\n\t\t\t\t\t<div class=\"elementor-shape elementor-shape-top\" aria-hidden=\"true\" data-negative=\"true\">\n\t\t\t<svg xmlns=\"http:\/\/www.w3.org\/2000\/svg\" viewbox=\"0 0 1000 100\" preserveaspectratio=\"none\">\n\t<path class=\"elementor-shape-fill\" d=\"M500,97C126.7,96.3,0.8,19.8,0,0v100l1000,0V1C1000,19.4,873.3,97.8,500,97z\"\/>\n<\/svg>\t\t<\/div>\n\t\t\t\t<div class=\"elementor-shape elementor-shape-bottom\" aria-hidden=\"true\" data-negative=\"false\">\n\t\t\t<svg xmlns=\"http:\/\/www.w3.org\/2000\/svg\" viewbox=\"0 0 1000 100\" preserveaspectratio=\"none\">\n    <path class=\"elementor-shape-fill\" d=\"M1000,4.3V0H0v4.3C0.9,23.1,126.7,99.2,500,100S1000,22.7,1000,4.3z\"\/>\n<\/svg>\t\t<\/div>\n\t\t\t\t\t<div class=\"elementor-container elementor-column-gap-default\">\n\t\t\t\t\t<div class=\"elementor-column elementor-col-100 elementor-top-column elementor-element elementor-element-378409d9\" data-id=\"378409d9\" data-element_type=\"column\" data-e-type=\"column\">\n\t\t\t<div class=\"elementor-widget-wrap elementor-element-populated\">\n\t\t\t\t\t\t<div class=\"elementor-element elementor-element-363ad942 elementor-widget elementor-widget-heading\" data-id=\"363ad942\" data-element_type=\"widget\" data-e-type=\"widget\" data-widget_type=\"heading.default\">\n\t\t\t\t<div class=\"elementor-widget-container\">\n\t\t\t\t\t<h2 class=\"elementor-heading-title elementor-size-default\">Servicios que ofrecemos a los propietarios de viviendas en Weston, FL.\nInstalaci\u00f3n de techos<\/h2>\t\t\t\t<\/div>\n\t\t\t\t<\/div>\n\t\t\t\t<div class=\"elementor-element elementor-element-15733036 elementor-widget elementor-widget-text-editor\" data-id=\"15733036\" data-element_type=\"widget\" data-e-type=\"widget\" data-widget_type=\"text-editor.default\">\n\t\t\t\t<div class=\"elementor-widget-container\">\n\t\t\t\t\t\t\t\t\t<p><b>Instalaci\u00f3n del tejado<\/b>\u00a0es una parte fundamental del proyecto de vivienda. Es importante hacerlo bien contratando los servicios de un contratista de tejados de confianza y con experiencia. Chase Roofing proporciona una instalaci\u00f3n de tejados con una calidad que supera sus expectativas. Hemos sido\u00a0<i>instalaci\u00f3n de tejados en el sur de Florida<\/i>\u00a0desde hace 19 a\u00f1os y tienen una reputaci\u00f3n de entrega de calidad. Con nosotros la gesti\u00f3n de su instalaci\u00f3n del techo, usted puede estar seguro de que su casa est\u00e1 asegurada y a salvo de los elementos.\u00a0<\/p><p>Estamos equipados y con experiencia en el manejo de la instalaci\u00f3n de:<\/p><ul><li aria-level=\"1\">Techo \u00fanico\u00a0<\/li><li aria-level=\"1\">Tejado de tejas<\/li><li aria-level=\"1\">Tejado met\u00e1lico\u00a0<\/li><li aria-level=\"1\">Tejado plano\u00a0<\/li><\/ul><p>Danos una llamada hoy para su instalaci\u00f3n de techo en Weston, Florida.\u00a0<\/p>\t\t\t\t\t\t\t\t<\/div>\n\t\t\t\t<\/div>\n\t\t\t\t\t<\/div>\n\t\t<\/div>\n\t\t\t\t\t<\/div>\n\t\t<\/section>\n\t\t\t\t<section class=\"elementor-section elementor-top-section elementor-element elementor-element-7f65b6f4 elementor-section-full_width elementor-section-height-default elementor-section-height-default\" data-id=\"7f65b6f4\" data-element_type=\"section\" data-e-type=\"section\" data-settings=\"{&quot;background_background&quot;:&quot;classic&quot;,&quot;jet_parallax_layout_list&quot;:[]}\">\n\t\t\t\t\t\t<div class=\"elementor-container elementor-column-gap-default\">\n\t\t\t\t\t<div class=\"elementor-column elementor-col-100 elementor-top-column elementor-element elementor-element-276afbcb\" data-id=\"276afbcb\" data-element_type=\"column\" data-e-type=\"column\">\n\t\t\t<div class=\"elementor-widget-wrap elementor-element-populated\">\n\t\t\t\t\t\t<section class=\"elementor-section elementor-inner-section elementor-element elementor-element-116ceaa elementor-section-boxed elementor-section-height-default elementor-section-height-default\" data-id=\"116ceaa\" data-element_type=\"section\" data-e-type=\"section\" data-settings=\"{&quot;jet_parallax_layout_list&quot;:[]}\">\n\t\t\t\t\t\t<div class=\"elementor-container elementor-column-gap-default\">\n\t\t\t\t\t<div class=\"elementor-column elementor-col-50 elementor-inner-column elementor-element elementor-element-641ff94a\" data-id=\"641ff94a\" data-element_type=\"column\" data-e-type=\"column\">\n\t\t\t<div class=\"elementor-widget-wrap elementor-element-populated\">\n\t\t\t\t\t\t<div class=\"elementor-element elementor-element-a0c0e0a elementor-widget elementor-widget-heading\" data-id=\"a0c0e0a\" data-element_type=\"widget\" data-e-type=\"widget\" data-widget_type=\"heading.default\">\n\t\t\t\t<div class=\"elementor-widget-container\">\n\t\t\t\t\t<h2 class=\"elementor-heading-title elementor-size-default\">Reparaci\u00f3n de tejados\n<\/h2>\t\t\t\t<\/div>\n\t\t\t\t<\/div>\n\t\t\t\t<div class=\"elementor-element elementor-element-70d3af7c elementor-widget elementor-widget-text-editor\" data-id=\"70d3af7c\" data-element_type=\"widget\" data-e-type=\"widget\" data-widget_type=\"text-editor.default\">\n\t\t\t\t<div class=\"elementor-widget-container\">\n\t\t\t\t\t\t\t\t\t<p>Proporcionamos el mejor cuidado a su techo da\u00f1ado. En Chase Roofing, sabemos que su techo es importante y lo tratamos como tal. P\u00f3ngase en contacto con nosotros hoy para todas sus necesidades de reparaci\u00f3n de techos en Weston y sus alrededores. Nos encargamos de fugas, tejas que faltan, tapajuntas sueltos, aleros da\u00f1ados, y muchos m\u00e1s. Le garantizamos un servicio de reparaci\u00f3n sin complicaciones.\u00a0<\/p>\t\t\t\t\t\t\t\t<\/div>\n\t\t\t\t<\/div>\n\t\t\t\t\t<\/div>\n\t\t<\/div>\n\t\t\t\t<div class=\"elementor-column elementor-col-50 elementor-inner-column elementor-element elementor-element-daff13\" data-id=\"daff13\" data-element_type=\"column\" data-e-type=\"column\">\n\t\t\t<div class=\"elementor-widget-wrap elementor-element-populated\">\n\t\t\t\t\t\t<div class=\"elementor-element elementor-element-2116a58d elementor-widget elementor-widget-image\" data-id=\"2116a58d\" data-element_type=\"widget\" data-e-type=\"widget\" data-widget_type=\"image.default\">\n\t\t\t\t<div class=\"elementor-widget-container\">\n\t\t\t\t\t\t\t\t\t\t\t\t\t\t\t<img fetchpriority=\"high\" decoding=\"async\" width=\"1200\" height=\"641\" src=\"https:\/\/chaseroofing.com\/wp-content\/uploads\/2023\/11\/Shingle-replacement-roof-installation.jpeg.webp\" class=\"attachment-full size-full wp-image-361\" alt=\"Un trabajador con sombrero de paja instala tejas en un tejado residencial en un d\u00eda despejado, con palmeras visibles al fondo, destacando la reparaci\u00f3n de tejas que Fort Lauderdale requiere a menudo.\" srcset=\"https:\/\/chaseroofing.com\/wp-content\/uploads\/2023\/11\/Shingle-replacement-roof-installation.jpeg.webp 1200w, https:\/\/chaseroofing.com\/wp-content\/uploads\/2023\/11\/Shingle-replacement-roof-installation.jpeg-300x160.webp 300w, https:\/\/chaseroofing.com\/wp-content\/uploads\/2023\/11\/Shingle-replacement-roof-installation.jpeg-1024x547.webp 1024w, https:\/\/chaseroofing.com\/wp-content\/uploads\/2023\/11\/Shingle-replacement-roof-installation.jpeg-768x410.webp 768w, https:\/\/chaseroofing.com\/wp-content\/uploads\/2023\/11\/Shingle-replacement-roof-installation.jpeg-18x10.webp 18w\" sizes=\"(max-width: 1200px) 100vw, 1200px\" \/>\t\t\t\t\t\t\t\t\t\t\t\t\t\t\t<\/div>\n\t\t\t\t<\/div>\n\t\t\t\t\t<\/div>\n\t\t<\/div>\n\t\t\t\t\t<\/div>\n\t\t<\/section>\n\t\t\t\t<section class=\"elementor-section elementor-inner-section elementor-element elementor-element-36047e4c elementor-section-boxed elementor-section-height-default elementor-section-height-default\" data-id=\"36047e4c\" data-element_type=\"section\" data-e-type=\"section\" data-settings=\"{&quot;jet_parallax_layout_list&quot;:[]}\">\n\t\t\t\t\t\t<div class=\"elementor-container elementor-column-gap-default\">\n\t\t\t\t\t<div class=\"elementor-column elementor-col-100 elementor-inner-column elementor-element elementor-element-5d1eb283\" data-id=\"5d1eb283\" data-element_type=\"column\" data-e-type=\"column\">\n\t\t\t<div class=\"elementor-widget-wrap elementor-element-populated\">\n\t\t\t\t\t\t<div class=\"elementor-element elementor-element-5d78a8f3 elementor-widget elementor-widget-heading\" data-id=\"5d78a8f3\" data-element_type=\"widget\" data-e-type=\"widget\" data-widget_type=\"heading.default\">\n\t\t\t\t<div class=\"elementor-widget-container\">\n\t\t\t\t\t<h2 class=\"elementor-heading-title elementor-size-default\">Sustituci\u00f3n de tejados\n<\/h2>\t\t\t\t<\/div>\n\t\t\t\t<\/div>\n\t\t\t\t<div class=\"elementor-element elementor-element-1c038f99 elementor-widget elementor-widget-text-editor\" data-id=\"1c038f99\" data-element_type=\"widget\" data-e-type=\"widget\" data-widget_type=\"text-editor.default\">\n\t\t\t\t<div class=\"elementor-widget-container\">\n\t\t\t\t\t\t\t\t\t<p>A menudo, una reparaci\u00f3n del tejado no es posible o no tiene sentido. Esto es especialmente cierto en el caso de un tejado que est\u00e1 cerca de su fecha de caducidad o que ha sufrido da\u00f1os estructurales importantes cuya reparaci\u00f3n costar\u00eda mucho dinero. En tales casos, es necesaria una sustituci\u00f3n.\u00a0<\/p><p>Chase Roofing ofrece la m\u00e1xima calidad\u00a0<b>servicio de sustituci\u00f3n de tejados<\/b>\u00a0en Weston, FL. Ayudamos a los propietarios a decidir sobre el mejor material para techos en funci\u00f3n de su presupuesto y necesidades de dise\u00f1o. Como socio de algunos de los mejores dise\u00f1adores de productos para techos en la industria, somos conocidos por utilizar s\u00f3lo los mejores productos para techos. Ya se trate de techos de tejas, techos de metal, techos de tejas, o techos planos, estamos equipados y con experiencia en el manejo de muchos materiales de techo diferentes.<\/p><p>P\u00f3ngase en contacto con nosotros hoy mismo para una inspecci\u00f3n GRATUITA de su tejado y un presupuesto gratuito.\u00a0<\/p>\t\t\t\t\t\t\t\t<\/div>\n\t\t\t\t<\/div>\n\t\t\t\t\t<\/div>\n\t\t<\/div>\n\t\t\t\t\t<\/div>\n\t\t<\/section>\n\t\t\t\t\t<\/div>\n\t\t<\/div>\n\t\t\t\t\t<\/div>\n\t\t<\/section>\n\t\t\t\t<section class=\"elementor-section elementor-top-section elementor-element elementor-element-3d203ad3 elementor-section-boxed elementor-section-height-default elementor-section-height-default\" data-id=\"3d203ad3\" data-element_type=\"section\" data-e-type=\"section\" data-settings=\"{&quot;background_background&quot;:&quot;classic&quot;,&quot;jet_parallax_layout_list&quot;:[]}\">\n\t\t\t\t\t\t<div class=\"elementor-container elementor-column-gap-default\">\n\t\t\t\t\t<div class=\"elementor-column elementor-col-100 elementor-top-column elementor-element elementor-element-6a98de09\" data-id=\"6a98de09\" data-element_type=\"column\" data-e-type=\"column\" data-settings=\"{&quot;background_background&quot;:&quot;classic&quot;}\">\n\t\t\t<div class=\"elementor-widget-wrap elementor-element-populated\">\n\t\t\t\t\t\t<div class=\"elementor-element elementor-element-7ebdb7d1 elementor-widget elementor-widget-heading\" data-id=\"7ebdb7d1\" data-element_type=\"widget\" data-e-type=\"widget\" data-widget_type=\"heading.default\">\n\t\t\t\t<div class=\"elementor-widget-container\">\n\t\t\t\t\t<h2 class=\"elementor-heading-title elementor-size-default\">Impermeabilizaci\u00f3n y revestimiento\n<\/h2>\t\t\t\t<\/div>\n\t\t\t\t<\/div>\n\t\t\t\t<section class=\"elementor-section elementor-inner-section elementor-element elementor-element-6f9a32ee elementor-section-boxed elementor-section-height-default elementor-section-height-default\" data-id=\"6f9a32ee\" data-element_type=\"section\" data-e-type=\"section\" data-settings=\"{&quot;jet_parallax_layout_list&quot;:[]}\">\n\t\t\t\t\t\t<div class=\"elementor-container elementor-column-gap-default\">\n\t\t\t\t\t<div class=\"elementor-column elementor-col-50 elementor-inner-column elementor-element elementor-element-590865e3\" data-id=\"590865e3\" data-element_type=\"column\" data-e-type=\"column\">\n\t\t\t<div class=\"elementor-widget-wrap elementor-element-populated\">\n\t\t\t\t\t\t<div class=\"elementor-element elementor-element-41865979 elementor-widget elementor-widget-google_maps\" data-id=\"41865979\" data-element_type=\"widget\" data-e-type=\"widget\" data-widget_type=\"google_maps.default\">\n\t\t\t\t<div class=\"elementor-widget-container\">\n\t\t\t\t\t\t\t<div class=\"elementor-custom-embed\">\n\t\t\t<iframe loading=\"lazy\"\n\t\t\t\t\tsrc=\"https:\/\/maps.google.com\/maps?q=Chase%20Roofing%201792%20Bell%20Tower%20Ln%2C%20Weston%2C%20FL%2033326%2C%20United%20States&#038;t=m&#038;z=15&#038;output=embed&#038;iwloc=near\"\n\t\t\t\t\ttitle=\"Chase Roofing 1792 Bell Tower Ln, Weston, FL 33326, Estados Unidos\"\n\t\t\t\t\taria-label=\"Chase Roofing 1792 Bell Tower Ln, Weston, FL 33326, Estados Unidos\"\n\t\t\t><\/iframe>\n\t\t<\/div>\n\t\t\t\t\t\t<\/div>\n\t\t\t\t<\/div>\n\t\t\t\t\t<\/div>\n\t\t<\/div>\n\t\t\t\t<div class=\"elementor-column elementor-col-50 elementor-inner-column elementor-element elementor-element-9ae1fc4\" data-id=\"9ae1fc4\" data-element_type=\"column\" data-e-type=\"column\">\n\t\t\t<div class=\"elementor-widget-wrap elementor-element-populated\">\n\t\t\t\t\t\t<div class=\"elementor-element elementor-element-3e195d03 elementor-widget elementor-widget-text-editor\" data-id=\"3e195d03\" data-element_type=\"widget\" data-e-type=\"widget\" data-widget_type=\"text-editor.default\">\n\t\t\t\t<div class=\"elementor-widget-container\">\n\t\t\t\t\t\t\t\t\t<p>Como residente de Weston, su techo ve un mont\u00f3n de acci\u00f3n de la lluvia a la semana como los d\u00edas calurosos. Los veranos en Weston son t\u00edpicamente caliente con mucha lluvia.\u00a0<b>Impermeabilizaci\u00f3n y revestimiento del tejado<\/b>\u00a0para reducir los efectos del agua y los rayos UV sobre \u00e9l es una muy buena idea. Un recubrimiento de tejado est\u00e1 especialmente dise\u00f1ado para permitir que su tejado refleje los rayos UV en lugar de absorberlos e impermeabilizarlo. Esto ayuda a aumentar la vida \u00fatil de su tejado.\u00a0<\/p><p>La impermeabilizaci\u00f3n tambi\u00e9n ayuda a proteger su hogar de los da\u00f1os causados por el agua, manteniendo su casa sana y salva durante la temporada de lluvias. Adem\u00e1s, se elimina el crecimiento de moho, ya que la capa impermeable no les da un lugar para prosperar en su techo, cubierta o paredes.\u00a0<\/p><p>\u00bfLe preocupa el coste de impermeabilizar y revestir su tejado? Tenemos diferentes opciones de revestimientos que se adaptan a su presupuesto. P\u00f3ngase en contacto con nosotros hoy mismo para una inspecci\u00f3n gratuita de su tejado y un presupuesto gratuito sin compromiso.<\/p>\t\t\t\t\t\t\t\t<\/div>\n\t\t\t\t<\/div>\n\t\t\t\t\t<\/div>\n\t\t<\/div>\n\t\t\t\t\t<\/div>\n\t\t<\/section>\n\t\t\t\t\t<\/div>\n\t\t<\/div>\n\t\t\t\t\t<\/div>\n\t\t<\/section>\n\t\t\t\t<\/div>","protected":false},"excerpt":{"rendered":"<p>City WESTON, FL RESIDENTIAL ROOFING Weston, FL Residential Roofing Your home\u2019s roof is more exposed to the elements than almost any other part of the home. Your roof must be a top priority as an important part of the house.\u00a0 Engaging the service of a quality roofing contractor for your\u00a0roofing needs in Weston, FL, is [&hellip;]<\/p>\n","protected":false},"author":2,"featured_media":0,"parent":0,"menu_order":0,"comment_status":"closed","ping_status":"closed","template":"","meta":{"_acf_changed":false,"_monsterinsights_skip_tracking":false,"_monsterinsights_sitenote_active":false,"_monsterinsights_sitenote_note":"","_monsterinsights_sitenote_category":0,"footnotes":""},"class_list":["post-1174","page","type-page","status-publish","hentry"],"acf":[],"_links":{"self":[{"href":"https:\/\/chaseroofing.com\/es\/wp-json\/wp\/v2\/pages\/1174","targetHints":{"allow":["GET"]}}],"collection":[{"href":"https:\/\/chaseroofing.com\/es\/wp-json\/wp\/v2\/pages"}],"about":[{"href":"https:\/\/chaseroofing.com\/es\/wp-json\/wp\/v2\/types\/page"}],"author":[{"embeddable":true,"href":"https:\/\/chaseroofing.com\/es\/wp-json\/wp\/v2\/users\/2"}],"replies":[{"embeddable":true,"href":"https:\/\/chaseroofing.com\/es\/wp-json\/wp\/v2\/comments?post=1174"}],"version-history":[{"count":0,"href":"https:\/\/chaseroofing.com\/es\/wp-json\/wp\/v2\/pages\/1174\/revisions"}],"wp:attachment":[{"href":"https:\/\/chaseroofing.com\/es\/wp-json\/wp\/v2\/media?parent=1174"}],"curies":[{"name":"wp","href":"https:\/\/api.w.org\/{rel}","templated":true}]}}