{"id":3,"date":"2023-08-17T15:04:33","date_gmt":"2023-08-17T15:04:33","guid":{"rendered":"https:\/\/chaseroofindev.wpenginepowered.com\/?page_id=3"},"modified":"2025-06-16T14:01:30","modified_gmt":"2025-06-16T14:01:30","slug":"politica-de-privacidad","status":"publish","type":"page","link":"https:\/\/chaseroofing.com\/es\/privacy-policy\/","title":{"rendered":"Pol\u00edtica de privacidad"},"content":{"rendered":"<div data-elementor-type=\"wp-page\" data-elementor-id=\"3\" class=\"elementor elementor-3\" data-elementor-post-type=\"page\">\n\t\t\t\t\t\t<section class=\"elementor-section elementor-top-section elementor-element elementor-element-4953e5a elementor-section-height-min-height elementor-section-boxed elementor-section-height-default elementor-section-items-middle\" data-id=\"4953e5a\" data-element_type=\"section\" data-e-type=\"section\" data-settings=\"{&quot;background_background&quot;:&quot;classic&quot;,&quot;jet_parallax_layout_list&quot;:[]}\">\n\t\t\t\t\t\t\t<div class=\"elementor-background-overlay\"><\/div>\n\t\t\t\t\t\t\t<div class=\"elementor-container elementor-column-gap-default\">\n\t\t\t\t\t<div class=\"elementor-column elementor-col-50 elementor-top-column elementor-element elementor-element-ccbb688\" data-id=\"ccbb688\" data-element_type=\"column\" data-e-type=\"column\" data-settings=\"{&quot;background_background&quot;:&quot;classic&quot;}\">\n\t\t\t<div class=\"elementor-widget-wrap elementor-element-populated\">\n\t\t\t\t\t\t<div class=\"elementor-element elementor-element-33ed396 elementor-widget elementor-widget-heading\" data-id=\"33ed396\" data-element_type=\"widget\" data-e-type=\"widget\" data-widget_type=\"heading.default\">\n\t\t\t\t<div class=\"elementor-widget-container\">\n\t\t\t\t\t<h1 class=\"elementor-heading-title elementor-size-default\">POL\u00cdTICA DE PRIVACIDAD<\/h1>\t\t\t\t<\/div>\n\t\t\t\t<\/div>\n\t\t\t\t\t<\/div>\n\t\t<\/div>\n\t\t\t\t<div class=\"elementor-column elementor-col-50 elementor-top-column elementor-element elementor-element-76faa11 elementor-hidden-mobile\" data-id=\"76faa11\" data-element_type=\"column\" data-e-type=\"column\" data-settings=\"{&quot;background_background&quot;:&quot;classic&quot;}\">\n\t\t\t<div class=\"elementor-widget-wrap\">\n\t\t\t\t\t\t\t<\/div>\n\t\t<\/div>\n\t\t\t\t\t<\/div>\n\t\t<\/section>\n\t\t\t\t<section class=\"elementor-section elementor-top-section elementor-element elementor-element-adc921c elementor-section-full_width elementor-section-height-default elementor-section-height-default\" data-id=\"adc921c\" data-element_type=\"section\" data-e-type=\"section\" data-settings=\"{&quot;background_background&quot;:&quot;classic&quot;,&quot;jet_parallax_layout_list&quot;:[]}\">\n\t\t\t\t\t\t<div class=\"elementor-container elementor-column-gap-default\">\n\t\t\t\t\t<div class=\"elementor-column elementor-col-100 elementor-top-column elementor-element elementor-element-5bdd0d9\" data-id=\"5bdd0d9\" data-element_type=\"column\" data-e-type=\"column\">\n\t\t\t<div class=\"elementor-widget-wrap elementor-element-populated\">\n\t\t\t\t\t\t<section class=\"elementor-section elementor-inner-section elementor-element elementor-element-3319b78 elementor-section-boxed elementor-section-height-default elementor-section-height-default\" data-id=\"3319b78\" data-element_type=\"section\" data-e-type=\"section\" data-settings=\"{&quot;jet_parallax_layout_list&quot;:[]}\">\n\t\t\t\t\t\t<div class=\"elementor-container elementor-column-gap-default\">\n\t\t\t\t\t<div class=\"elementor-column elementor-col-100 elementor-inner-column elementor-element elementor-element-84fab0b\" data-id=\"84fab0b\" data-element_type=\"column\" data-e-type=\"column\">\n\t\t\t<div class=\"elementor-widget-wrap elementor-element-populated\">\n\t\t\t\t\t\t<div class=\"elementor-element elementor-element-704c547 elementor-widget elementor-widget-heading\" data-id=\"704c547\" data-element_type=\"widget\" data-e-type=\"widget\" data-widget_type=\"heading.default\">\n\t\t\t\t<div class=\"elementor-widget-container\">\n\t\t\t\t\t<h2 class=\"elementor-heading-title elementor-size-default\">AVISO DE PRIVACIDAD<\/h2>\t\t\t\t<\/div>\n\t\t\t\t<\/div>\n\t\t\t\t<div class=\"elementor-element elementor-element-29c8e44 elementor-widget elementor-widget-text-editor\" data-id=\"29c8e44\" data-element_type=\"widget\" data-e-type=\"widget\" data-widget_type=\"text-editor.default\">\n\t\t\t\t<div class=\"elementor-widget-container\">\n\t\t\t\t\t\t\t\t\t<p>Este aviso de privacidad revela las pr\u00e1cticas de privacidad de este sitio web. Este aviso de privacidad se aplica \u00fanicamente a la informaci\u00f3n recogida por este sitio web. En \u00e9l se le notifica lo siguiente:<\/p>\n<ol>\n<li>Qu\u00e9 informaci\u00f3n personal identificable se recopila de usted a trav\u00e9s del sitio web, c\u00f3mo se<br \/>utilizados y con qui\u00e9n pueden compartirse.<\/li>\n<li>De qu\u00e9 opciones dispone en relaci\u00f3n con el uso de sus datos.<\/li>\n<li>Los procedimientos de seguridad establecidos para proteger el uso indebido de su informaci\u00f3n.<\/li>\n<li>C\u00f3mo puede corregir cualquier inexactitud en la informaci\u00f3n.<\/li>\n<\/ol>\t\t\t\t\t\t\t\t<\/div>\n\t\t\t\t<\/div>\n\t\t\t\t<div class=\"elementor-element elementor-element-7965fb1 elementor-widget elementor-widget-heading\" data-id=\"7965fb1\" data-element_type=\"widget\" data-e-type=\"widget\" data-widget_type=\"heading.default\">\n\t\t\t\t<div class=\"elementor-widget-container\">\n\t\t\t\t\t<h3 class=\"elementor-heading-title elementor-size-default\">Recogida, uso y difusi\u00f3n de la informaci\u00f3n<\/h3>\t\t\t\t<\/div>\n\t\t\t\t<\/div>\n\t\t\t\t<div class=\"elementor-element elementor-element-dda3f4c elementor-widget elementor-widget-text-editor\" data-id=\"dda3f4c\" data-element_type=\"widget\" data-e-type=\"widget\" data-widget_type=\"text-editor.default\">\n\t\t\t\t<div class=\"elementor-widget-container\">\n\t\t\t\t\t\t\t\t\t<p>Somos los \u00fanicos propietarios de la informaci\u00f3n recogida en este sitio. S\u00f3lo tenemos acceso a la informaci\u00f3n que usted nos facilita voluntariamente por correo electr\u00f3nico u otro medio de contacto directo. No venderemos ni alquilaremos esta informaci\u00f3n a nadie.<\/p>\n<p>Utilizaremos sus datos para responderle en relaci\u00f3n con el motivo por el que se puso en contacto con nosotros. No compartiremos su informaci\u00f3n con ning\u00fan tercero ajeno a nuestra organizaci\u00f3n, salvo cuando sea necesario para satisfacer su solicitud, por ejemplo, para enviar un pedido.<\/p>\n<p>A menos que nos pida que no lo hagamos, es posible que nos pongamos en contacto con usted por correo electr\u00f3nico en el futuro para informarle sobre ofertas especiales, nuevos productos o servicios, o cambios en esta pol\u00edtica de privacidad.<\/p>\t\t\t\t\t\t\t\t<\/div>\n\t\t\t\t<\/div>\n\t\t\t\t<div class=\"elementor-element elementor-element-9285c59 elementor-widget elementor-widget-heading\" data-id=\"9285c59\" data-element_type=\"widget\" data-e-type=\"widget\" data-widget_type=\"heading.default\">\n\t\t\t\t<div class=\"elementor-widget-container\">\n\t\t\t\t\t<h3 class=\"elementor-heading-title elementor-size-default\">Acceso y control de la informaci\u00f3n<\/h3>\t\t\t\t<\/div>\n\t\t\t\t<\/div>\n\t\t\t\t<div class=\"elementor-element elementor-element-20dfec7 elementor-widget elementor-widget-text-editor\" data-id=\"20dfec7\" data-element_type=\"widget\" data-e-type=\"widget\" data-widget_type=\"text-editor.default\">\n\t\t\t\t<div class=\"elementor-widget-container\">\n\t\t\t\t\t\t\t\t\t<p>En cualquier momento puede darse de baja de nuestros futuros contactos. Puede hacerlo en cualquier momento poni\u00e9ndose en contacto con nosotros a trav\u00e9s de la direcci\u00f3n de correo electr\u00f3nico o el n\u00famero de tel\u00e9fono que figuran en nuestro sitio web:<\/p>\n<ul>\n<li>Ver qu\u00e9 datos tenemos sobre usted, si los hay.<\/li>\n<li>Modificar\/corregir cualquier dato que tengamos sobre usted.<\/li>\n<li>Pedirnos que borremos los datos que tenemos sobre usted.<\/li>\n<li>Expresar cualquier preocupaci\u00f3n que tenga sobre el uso que hacemos de sus datos.<\/li>\n<\/ul>\t\t\t\t\t\t\t\t<\/div>\n\t\t\t\t<\/div>\n\t\t\t\t<div class=\"elementor-element elementor-element-0eaf2a4 elementor-widget elementor-widget-heading\" data-id=\"0eaf2a4\" data-element_type=\"widget\" data-e-type=\"widget\" data-widget_type=\"heading.default\">\n\t\t\t\t<div class=\"elementor-widget-container\">\n\t\t\t\t\t<h3 class=\"elementor-heading-title elementor-size-default\">Seguridad<\/h3>\t\t\t\t<\/div>\n\t\t\t\t<\/div>\n\t\t\t\t<div class=\"elementor-element elementor-element-eda8cb9 elementor-widget elementor-widget-text-editor\" data-id=\"eda8cb9\" data-element_type=\"widget\" data-e-type=\"widget\" data-widget_type=\"text-editor.default\">\n\t\t\t\t<div class=\"elementor-widget-container\">\n\t\t\t\t\t\t\t\t\t<p>Tomamos precauciones para proteger su informaci\u00f3n. Cuando env\u00eda informaci\u00f3n sensible a trav\u00e9s del sitio web, sus datos est\u00e1n protegidos tanto en l\u00ednea como fuera de l\u00ednea.<\/p><p>Siempre que recopilamos informaci\u00f3n sensible (como datos de tarjetas de cr\u00e9dito), esa informaci\u00f3n se encripta y se nos transmite de forma segura. Puede comprobarlo buscando el icono de un candado cerrado en la parte inferior de su navegador o buscando \"https\" al principio de la direcci\u00f3n de la p\u00e1gina web.<\/p><p>Aunque utilizamos el cifrado para proteger la informaci\u00f3n confidencial transmitida en l\u00ednea, tambi\u00e9n protegemos su informaci\u00f3n fuera de l\u00ednea. S\u00f3lo los empleados que necesitan la informaci\u00f3n para realizar un trabajo espec\u00edfico (por ejemplo, facturaci\u00f3n o atenci\u00f3n al cliente) tienen acceso a la informaci\u00f3n de identificaci\u00f3n personal. Los ordenadores\/servidores en los que almacenamos la informaci\u00f3n de identificaci\u00f3n personal se mantienen en un entorno seguro.<\/p><p>Si cree que no estamos cumpliendo esta pol\u00edtica de privacidad, p\u00f3ngase en contacto con nosotros inmediatamente a trav\u00e9s del tel\u00e9fono # de nuestro sitio web.<\/p><p>Correo electr\u00f3nico:\u00a0<a href=\"mailto:sales@chaseroofing.com\">sales@chaseroofing.com<\/a><\/p>\t\t\t\t\t\t\t\t<\/div>\n\t\t\t\t<\/div>\n\t\t\t\t<div class=\"elementor-element elementor-element-3a039f7 elementor-widget elementor-widget-heading\" data-id=\"3a039f7\" data-element_type=\"widget\" data-e-type=\"widget\" data-widget_type=\"heading.default\">\n\t\t\t\t<div class=\"elementor-widget-container\">\n\t\t\t\t\t<h3 class=\"elementor-heading-title elementor-size-default\">Pol\u00edtica de privacidad de SMS<\/h3>\t\t\t\t<\/div>\n\t\t\t\t<\/div>\n\t\t\t\t<div class=\"elementor-element elementor-element-dac62a9 elementor-widget elementor-widget-text-editor\" data-id=\"dac62a9\" data-element_type=\"widget\" data-e-type=\"widget\" data-widget_type=\"text-editor.default\">\n\t\t\t\t<div class=\"elementor-widget-container\">\n\t\t\t\t\t\t\t\t\t<p data-pm-slice=\"1 1 []\">Chase Roofing (\"nosotros\", \"nuestro\" o \"nos\") se compromete a proteger tu privacidad. Esta Pol\u00edtica de Privacidad describe c\u00f3mo recogemos, utilizamos, revelamos y protegemos tu informaci\u00f3n cuando visitas nuestro sitio web, <a class=\"ProsemirrorEditor-link\" href=\"https:\/\/urldefense.proofpoint.com\/v2\/url?u=https-3A__chaseroofing.com&amp;d=DwMFaQ&amp;c=euGZstcaTDllvimEN8b7jXrwqOf-v5A_CdpgnVfiiMM&amp;r=qHmnNbZ1g2AKmNZOoiSjxgt9BB_M30xTv6mBjf5hSWI&amp;m=pu3c7a_qRNOXoWQJdY7GzgRNn3f5WVvyvAoVMEd-fs8bj8w-KafOdN_uX53-rfqH&amp;s=eT5Im3PKzx2eZQKaX9CZYaLqv_03FRxqgfHspxLS7Xs&amp;e=\">https:\/\/chaseroofing.com<\/a> (\"Sitio Web\"), o interactuar con nosotros de cualquier otra manera.<\/p><p><strong>Informaci\u00f3n que recogemos<\/strong><\/p><p>Podemos recopilar los siguientes tipos de informaci\u00f3n sobre ti:<\/p><p><strong>Informaci\u00f3n personal: <\/strong>Cuando te pones en contacto con nosotros a trav\u00e9s de nuestro Sitio Web, tel\u00e9fono o correo electr\u00f3nico, podemos recopilar la informaci\u00f3n personal que nos proporciones, incluido tu nombre completo, n\u00famero de tel\u00e9fono, direcci\u00f3n de correo electr\u00f3nico y direcci\u00f3n postal.<\/p><p><strong>Informaci\u00f3n recopilada autom\u00e1ticamente:<\/strong> Cuando visitas nuestro Sitio Web, podemos recoger autom\u00e1ticamente cierta informaci\u00f3n sobre tu dispositivo y tu uso, incluyendo la direcci\u00f3n IP, el tipo de navegador, el sistema operativo, las URL de referencia y las p\u00e1ginas visitadas.<\/p><p>C\u00f3mo utilizamos tu informaci\u00f3n<\/p><p>Utilizamos la informaci\u00f3n que recogemos para los siguientes fines:<\/p><p><strong>Para comunicarnos contigo: <\/strong>Utilizamos tus datos de contacto para responder a tus consultas, prestarte servicios, enviarte informaci\u00f3n administrativa y mantenerte informado sobre tu caso o nuestros servicios.<\/p><p><strong>Comunicaciones de marketing y promoci\u00f3n:<\/strong> Con tu consentimiento, podemos utilizar tu informaci\u00f3n para enviarte actualizaciones, boletines o comunicaciones de marketing por correo electr\u00f3nico, tel\u00e9fono o mensaje de texto. Puedes optar por no recibir estas comunicaciones en cualquier momento siguiendo las instrucciones proporcionadas en la comunicaci\u00f3n o poni\u00e9ndote en contacto con nosotros directamente.<\/p><p><strong>Cumplimiento legal:<\/strong> Podemos utilizar tu informaci\u00f3n para cumplir con las leyes, reglamentos u obligaciones legales aplicables, incluida la respuesta a citaciones, \u00f3rdenes judiciales o solicitudes legales.<\/p><p><strong>Consentimiento para recibir mensajes de texto<\/strong><\/p><p>No est\u00e1s obligado a dar tu consentimiento para recibir mensajes de texto de Chase Roofing. Al proporcionar tu n\u00famero de tel\u00e9fono y darte de alta, das tu consentimiento para recibir mensajes de texto de Chase Roofing en relaci\u00f3n con tu consulta o nuestros servicios. Pueden aplicarse tarifas de mensajes y datos. Puedes optar por no recibir mensajes de texto en cualquier momento respondiendo \"STOP\" a cualquier mensaje de texto que recibas de nosotros. Ten en cuenta que excluirte puede limitar nuestra capacidad de comunicarnos contigo en relaci\u00f3n con tu caso o tus servicios.<\/p><p><strong>Intercambio y divulgaci\u00f3n de informaci\u00f3n<\/strong><\/p><p><strong>No vendemos ni alquilamos tu informaci\u00f3n personal a terceros. No vendemos, alquilamos, divulgamos ni transferimos tu consentimiento para SMS ni tu n\u00famero de tel\u00e9fono a ning\u00fan tercero con fines de marketing.<\/strong> Podemos compartir tu informaci\u00f3n en las siguientes circunstancias:<\/p><p><em><strong>Proveedores de servicios:<\/strong><\/em> Podemos compartir tu informaci\u00f3n con nuestros proveedores de servicios que prestan servicios en nuestro nombre, como marketing, atenci\u00f3n al cliente o soporte t\u00e9cnico. Estos proveedores de servicios est\u00e1n obligados contractualmente a proteger tu informaci\u00f3n y a utilizarla s\u00f3lo para los servicios que prestan.<\/p><p><em><strong>Requisitos legales:<\/strong><\/em> Podemos revelar tu informaci\u00f3n si as\u00ed lo exige la ley, un reglamento o un proceso legal, o si creemos que la revelaci\u00f3n es necesaria para proteger nuestros derechos, propiedad o la seguridad de nuestros usuarios o de otros.<\/p><p><strong>Seguridad de los datos<\/strong><\/p><p>Aplicamos medidas de seguridad razonables para proteger tus datos personales del acceso, uso, divulgaci\u00f3n, alteraci\u00f3n o destrucci\u00f3n no autorizados. Sin embargo, ning\u00fan m\u00e9todo de transmisi\u00f3n por Internet o de almacenamiento electr\u00f3nico es completamente seguro, y no podemos garantizar una seguridad absoluta.<\/p><p>Tus derechos y opciones<\/p><p><strong>Exclusi\u00f3n voluntaria: <\/strong>Puedes optar por no recibir nuestras comunicaciones de marketing siguiendo las instrucciones de dichas comunicaciones o poni\u00e9ndote en contacto con nosotros directamente. Si optas por no recibirlas, podremos seguir envi\u00e1ndote comunicaciones no promocionales relacionadas con tus servicios o con nuestra relaci\u00f3n comercial en curso.<\/p><p><strong>Accede a la informaci\u00f3n y actual\u00edzala: <\/strong>Tienes derecho a acceder a tu informaci\u00f3n personal, actualizarla o corregirla. Para ello, ponte en contacto con nosotros utilizando la informaci\u00f3n que te facilitamos a continuaci\u00f3n.<\/p><p><strong>Sitios web de terceros<\/strong><\/p><p>Nuestro Sitio Web puede contener enlaces a sitios web de terceros. No somos responsables de las pr\u00e1cticas de privacidad ni del contenido de estos sitios web de terceros. Te recomendamos que revises las pol\u00edticas de privacidad de los sitios web de terceros que visites.<\/p><p><strong>Privacidad infantil<\/strong><\/p><p>Nuestro sitio web no est\u00e1 destinado a ni\u00f1os menores de 13 a\u00f1os. No recopilamos conscientemente informaci\u00f3n personal de ni\u00f1os menores de 13 a\u00f1os. Si nos damos cuenta de que hemos recogido inadvertidamente informaci\u00f3n personal de un ni\u00f1o menor de 13 a\u00f1os, tomaremos medidas para borrar dicha informaci\u00f3n.<\/p><p><strong>Cambios en esta Pol\u00edtica de Privacidad<\/strong><\/p><p>Podemos actualizar esta Pol\u00edtica de Privacidad de vez en cuando. Cualquier cambio se publicar\u00e1 en esta p\u00e1gina con una fecha actualizada de \"\u00daltima actualizaci\u00f3n\". Te animamos a que revises peri\u00f3dicamente esta Pol\u00edtica de Privacidad por si hubiera alguna actualizaci\u00f3n.<\/p><p><strong>Contacte con nosotros<\/strong><\/p><p>Si tienes alguna pregunta o duda sobre esta Pol\u00edtica de privacidad o nuestras pr\u00e1cticas de privacidad, ponte en contacto con nosotros en<\/p><p><em>Chase Roofing<\/em><\/p><p><em>1150 SW 10th Ave #201, Pompano Beach, FL 33069<\/em><\/p><p><em>(954) 287-3811<\/em><\/p>\t\t\t\t\t\t\t\t<\/div>\n\t\t\t\t<\/div>\n\t\t\t\t\t<\/div>\n\t\t<\/div>\n\t\t\t\t\t<\/div>\n\t\t<\/section>\n\t\t\t\t\t<\/div>\n\t\t<\/div>\n\t\t\t\t\t<\/div>\n\t\t<\/section>\n\t\t\t\t<\/div>","protected":false},"excerpt":{"rendered":"<p>PRIVACY POLICY PRIVACY NOTICE This privacy notice discloses the privacy practices for this website. This privacy notice applies solely to information collected by this web site. It will notify you of the following: What personally identifiable information is collected from you through the web site, how it isused and with whom it may be shared. [&hellip;]<\/p>\n","protected":false},"author":1,"featured_media":0,"parent":0,"menu_order":0,"comment_status":"closed","ping_status":"closed","template":"elementor_header_footer","meta":{"_monsterinsights_skip_tracking":false,"_monsterinsights_sitenote_active":false,"_monsterinsights_sitenote_note":"","_monsterinsights_sitenote_category":0,"footnotes":""},"class_list":["post-3","page","type-page","status-publish","hentry"],"_links":{"self":[{"href":"https:\/\/chaseroofing.com\/es\/wp-json\/wp\/v2\/pages\/3","targetHints":{"allow":["GET"]}}],"collection":[{"href":"https:\/\/chaseroofing.com\/es\/wp-json\/wp\/v2\/pages"}],"about":[{"href":"https:\/\/chaseroofing.com\/es\/wp-json\/wp\/v2\/types\/page"}],"author":[{"embeddable":true,"href":"https:\/\/chaseroofing.com\/es\/wp-json\/wp\/v2\/users\/1"}],"replies":[{"embeddable":true,"href":"https:\/\/chaseroofing.com\/es\/wp-json\/wp\/v2\/comments?post=3"}],"version-history":[{"count":0,"href":"https:\/\/chaseroofing.com\/es\/wp-json\/wp\/v2\/pages\/3\/revisions"}],"wp:attachment":[{"href":"https:\/\/chaseroofing.com\/es\/wp-json\/wp\/v2\/media?parent=3"}],"curies":[{"name":"wp","href":"https:\/\/api.w.org\/{rel}","templated":true}]}}