{"id":403,"date":"2023-11-21T09:21:11","date_gmt":"2023-11-21T09:21:11","guid":{"rendered":"https:\/\/chaseroofindev.wpenginepowered.com\/?page_id=403"},"modified":"2024-06-29T09:52:36","modified_gmt":"2024-06-29T09:52:36","slug":"licencia","status":"publish","type":"page","link":"https:\/\/chaseroofing.com\/es\/license\/","title":{"rendered":"LICENCIA"},"content":{"rendered":"<div data-elementor-type=\"wp-page\" data-elementor-id=\"403\" class=\"elementor elementor-403\" data-elementor-post-type=\"page\">\n\t\t\t\t\t\t<section class=\"elementor-section elementor-top-section elementor-element elementor-element-3f81342 elementor-section-height-min-height elementor-section-boxed elementor-section-height-default elementor-section-items-middle\" data-id=\"3f81342\" data-element_type=\"section\" data-e-type=\"section\" data-settings=\"{&quot;background_background&quot;:&quot;classic&quot;,&quot;jet_parallax_layout_list&quot;:[]}\">\n\t\t\t\t\t\t\t<div class=\"elementor-background-overlay\"><\/div>\n\t\t\t\t\t\t\t<div class=\"elementor-container elementor-column-gap-default\">\n\t\t\t\t\t<div class=\"elementor-column elementor-col-50 elementor-top-column elementor-element elementor-element-1ba25b7\" data-id=\"1ba25b7\" data-element_type=\"column\" data-e-type=\"column\" data-settings=\"{&quot;background_background&quot;:&quot;classic&quot;}\">\n\t\t\t<div class=\"elementor-widget-wrap elementor-element-populated\">\n\t\t\t\t\t\t<div class=\"elementor-element elementor-element-045ff64 elementor-widget elementor-widget-heading\" data-id=\"045ff64\" data-element_type=\"widget\" data-e-type=\"widget\" data-widget_type=\"heading.default\">\n\t\t\t\t<div class=\"elementor-widget-container\">\n\t\t\t\t\t<h1 class=\"elementor-heading-title elementor-size-default\">LICENCIA<\/h1>\t\t\t\t<\/div>\n\t\t\t\t<\/div>\n\t\t\t\t\t<\/div>\n\t\t<\/div>\n\t\t\t\t<div class=\"elementor-column elementor-col-50 elementor-top-column elementor-element elementor-element-20cbde7\" data-id=\"20cbde7\" data-element_type=\"column\" data-e-type=\"column\" data-settings=\"{&quot;background_background&quot;:&quot;classic&quot;}\">\n\t\t\t<div class=\"elementor-widget-wrap\">\n\t\t\t\t\t\t\t<\/div>\n\t\t<\/div>\n\t\t\t\t\t<\/div>\n\t\t<\/section>\n\t\t\t\t<section class=\"elementor-section elementor-top-section elementor-element elementor-element-b4b4ea8 elementor-section-boxed elementor-section-height-default elementor-section-height-default\" data-id=\"b4b4ea8\" data-element_type=\"section\" data-e-type=\"section\" data-settings=\"{&quot;background_background&quot;:&quot;classic&quot;,&quot;jet_parallax_layout_list&quot;:[]}\">\n\t\t\t\t\t\t<div class=\"elementor-container elementor-column-gap-default\">\n\t\t\t\t\t<div class=\"elementor-column elementor-col-100 elementor-top-column elementor-element elementor-element-ffb1e73\" data-id=\"ffb1e73\" data-element_type=\"column\" data-e-type=\"column\">\n\t\t\t<div class=\"elementor-widget-wrap elementor-element-populated\">\n\t\t\t\t\t\t<div class=\"elementor-element elementor-element-b1abd4a elementor-widget elementor-widget-heading\" data-id=\"b1abd4a\" data-element_type=\"widget\" data-e-type=\"widget\" data-widget_type=\"heading.default\">\n\t\t\t\t<div class=\"elementor-widget-container\">\n\t\t\t\t\t<h2 class=\"elementor-heading-title elementor-size-default\">Licencias, certificaciones y seguridad<\/h2>\t\t\t\t<\/div>\n\t\t\t\t<\/div>\n\t\t\t\t<div class=\"elementor-element elementor-element-0a7ca79 elementor-widget elementor-widget-text-editor\" data-id=\"0a7ca79\" data-element_type=\"widget\" data-e-type=\"widget\" data-widget_type=\"text-editor.default\">\n\t\t\t\t<div class=\"elementor-widget-container\">\n\t\t\t\t\t\t\t\t\t<p>Aqu\u00ed en Chase Roofing, uno de nuestros principales objetivos es proporcionar un ambiente de trabajo seguro y eficaz desde el interior de la oficina a cabo en el campo. La seguridad ha sido una parte importante de nuestra cultura, ofrecemos formaci\u00f3n semanal en la empresa a todos los empleados, as\u00ed como la certificaci\u00f3n en seguridad y muchas otras aplicaciones de techo. Adem\u00e1s, abordamos la protecci\u00f3n contra ca\u00eddas de frente con varios supervisores que visitan los trabajos a diario para actualizar y sustituir todos los equipos de seguridad y protecci\u00f3n seg\u00fan sea necesario. Esto asegura que todos nuestros empleados ir a casa a sus seres queridos al final de cada d\u00eda y proporciona un entorno de trabajo seguro en su casa durante cualquier proyecto de techado. Hemos trabajado estrechamente con FRSA y los servicios de seguridad de Jim Brauner para asegurar que cumplimos y superamos estas normas de seguridad.<\/p>\t\t\t\t\t\t\t\t<\/div>\n\t\t\t\t<\/div>\n\t\t\t\t\t<\/div>\n\t\t<\/div>\n\t\t\t\t\t<\/div>\n\t\t<\/section>\n\t\t\t\t<section class=\"elementor-section elementor-top-section elementor-element elementor-element-9104ea9 elementor-section-boxed elementor-section-height-default elementor-section-height-default\" data-id=\"9104ea9\" data-element_type=\"section\" data-e-type=\"section\" data-settings=\"{&quot;background_background&quot;:&quot;gradient&quot;,&quot;shape_divider_top&quot;:&quot;curve&quot;,&quot;shape_divider_bottom&quot;:&quot;curve&quot;,&quot;shape_divider_bottom_negative&quot;:&quot;yes&quot;,&quot;jet_parallax_layout_list&quot;:[]}\">\n\t\t\t\t\t<div class=\"elementor-shape elementor-shape-top\" aria-hidden=\"true\" data-negative=\"false\">\n\t\t\t<svg xmlns=\"http:\/\/www.w3.org\/2000\/svg\" viewbox=\"0 0 1000 100\" preserveaspectratio=\"none\">\n    <path class=\"elementor-shape-fill\" d=\"M1000,4.3V0H0v4.3C0.9,23.1,126.7,99.2,500,100S1000,22.7,1000,4.3z\"\/>\n<\/svg>\t\t<\/div>\n\t\t\t\t<div class=\"elementor-shape elementor-shape-bottom\" aria-hidden=\"true\" data-negative=\"true\">\n\t\t\t<svg xmlns=\"http:\/\/www.w3.org\/2000\/svg\" viewbox=\"0 0 1000 100\" preserveaspectratio=\"none\">\n\t<path class=\"elementor-shape-fill\" d=\"M500,97C126.7,96.3,0.8,19.8,0,0v100l1000,0V1C1000,19.4,873.3,97.8,500,97z\"\/>\n<\/svg>\t\t<\/div>\n\t\t\t\t\t<div class=\"elementor-container elementor-column-gap-default\">\n\t\t\t\t\t<div class=\"elementor-column elementor-col-100 elementor-top-column elementor-element elementor-element-76b59c6\" data-id=\"76b59c6\" data-element_type=\"column\" data-e-type=\"column\">\n\t\t\t<div class=\"elementor-widget-wrap elementor-element-populated\">\n\t\t\t\t\t\t<section class=\"elementor-section elementor-inner-section elementor-element elementor-element-e19950b elementor-section-boxed elementor-section-height-default elementor-section-height-default\" data-id=\"e19950b\" data-element_type=\"section\" data-e-type=\"section\" data-settings=\"{&quot;jet_parallax_layout_list&quot;:[]}\">\n\t\t\t\t\t\t<div class=\"elementor-container elementor-column-gap-default\">\n\t\t\t\t\t<div class=\"elementor-column elementor-col-100 elementor-inner-column elementor-element elementor-element-45b1235\" data-id=\"45b1235\" data-element_type=\"column\" data-e-type=\"column\">\n\t\t\t<div class=\"elementor-widget-wrap elementor-element-populated\">\n\t\t\t\t\t\t<div class=\"elementor-element elementor-element-27ffe10 elementor-position-left elementor-vertical-align-middle elementor-widget elementor-widget-image-box\" data-id=\"27ffe10\" data-element_type=\"widget\" data-e-type=\"widget\" data-widget_type=\"image-box.default\">\n\t\t\t\t<div class=\"elementor-widget-container\">\n\t\t\t\t\t<div class=\"elementor-image-box-wrapper\"><figure class=\"elementor-image-box-img\"><img fetchpriority=\"high\" decoding=\"async\" width=\"266\" height=\"266\" src=\"https:\/\/chaseroofing.com\/wp-content\/uploads\/2023\/11\/image-49.png\" class=\"attachment-full size-full wp-image-267\" alt=\"Una persona sentada en la mesa de un despacho sonr\u00ede a la c\u00e1mara. Detr\u00e1s hay una pantalla de ordenador que muestra &quot;Brauner Safety Services&quot;. En el escritorio hay diversos materiales de oficina y objetos personales, creando una escena acogedora que representa a la perfecci\u00f3n nuestra historia &quot;Sobre nosotros&quot;.\" srcset=\"https:\/\/chaseroofing.com\/wp-content\/uploads\/2023\/11\/image-49.png 266w, https:\/\/chaseroofing.com\/wp-content\/uploads\/2023\/11\/image-49-150x150.png 150w, https:\/\/chaseroofing.com\/wp-content\/uploads\/2023\/11\/image-49-12x12.png 12w\" sizes=\"(max-width: 266px) 100vw, 266px\" \/><\/figure><div class=\"elementor-image-box-content\"><h3 class=\"elementor-image-box-title\">Jim Brauner (Servicios de Seguridad Brauner)<\/h3><p class=\"elementor-image-box-description\">\"Trabajando con Chase Roofing he visto mucho compromiso con el equipo. He proporcionado formaci\u00f3n pr\u00e1ctica y certificaci\u00f3n tanto en la aplicaci\u00f3n del soplete NRCA como en la certificaci\u00f3n de seguridad OSHA 10. Todos los miembros del equipo han aprobado las certificaciones debido a su cultura orientada a la seguridad. Todos los miembros del equipo han pasado las certificaciones debido a su cultura impulsada por la seguridad. siempre es genial trabajar con Chase Roofing y ver crecer su cultura de seguridad.\"\n<br><br>\n<img decoding=\"async\" width=\"200px\" src=\"https:\/\/chaseroofing.com\/wp-content\/uploads\/2023\/11\/image-50.png\" alt=\"\"><\/p><\/div><\/div>\t\t\t\t<\/div>\n\t\t\t\t<\/div>\n\t\t\t\t<div class=\"elementor-element elementor-element-d1bcf36 elementor-position-left elementor-vertical-align-middle elementor-widget elementor-widget-image-box\" data-id=\"d1bcf36\" data-element_type=\"widget\" data-e-type=\"widget\" data-widget_type=\"image-box.default\">\n\t\t\t\t<div class=\"elementor-widget-container\">\n\t\t\t\t\t<div class=\"elementor-image-box-wrapper\"><figure class=\"elementor-image-box-img\"><img decoding=\"async\" width=\"197\" height=\"197\" src=\"https:\/\/chaseroofing.com\/wp-content\/uploads\/2023\/11\/President-of-the-Roofing-197x197xc.jpg\" class=\"attachment-full size-full wp-image-268\" alt=\"Dos hombres se dan la mano en una habitaci\u00f3n con una bandera de EE.UU. y un cuadro de fondo, como parte de un segmento &quot;Sobre nosotros&quot;. Un hombre sostiene una placa.\" srcset=\"https:\/\/chaseroofing.com\/wp-content\/uploads\/2023\/11\/President-of-the-Roofing-197x197xc.jpg 197w, https:\/\/chaseroofing.com\/wp-content\/uploads\/2023\/11\/President-of-the-Roofing-197x197xc-150x150.jpg 150w, https:\/\/chaseroofing.com\/wp-content\/uploads\/2023\/11\/President-of-the-Roofing-197x197xc-12x12.jpg 12w\" sizes=\"(max-width: 197px) 100vw, 197px\" \/><\/figure><div class=\"elementor-image-box-content\"><p class=\"elementor-image-box-description\">John Chase ha servido como Presidente de la Asociaci\u00f3n de Contratistas de Techos del Sur de la Florida durante muchos a\u00f1os.\n<br>\nTe invitamos a echar un vistazo a las im\u00e1genes de abajo para ver los otros premios, certificaciones y licencias que Chase Roofing ha recibido a lo largo de los a\u00f1os.<\/p><\/div><\/div>\t\t\t\t<\/div>\n\t\t\t\t<\/div>\n\t\t\t\t\t<\/div>\n\t\t<\/div>\n\t\t\t\t\t<\/div>\n\t\t<\/section>\n\t\t\t\t\t<\/div>\n\t\t<\/div>\n\t\t\t\t\t<\/div>\n\t\t<\/section>\n\t\t\t\t<section class=\"elementor-section elementor-top-section elementor-element elementor-element-4db5aa3 elementor-section-boxed elementor-section-height-default elementor-section-height-default\" data-id=\"4db5aa3\" data-element_type=\"section\" data-e-type=\"section\" data-settings=\"{&quot;background_background&quot;:&quot;classic&quot;,&quot;jet_parallax_layout_list&quot;:[]}\">\n\t\t\t\t\t\t<div class=\"elementor-container elementor-column-gap-default\">\n\t\t\t\t\t<div class=\"elementor-column elementor-col-100 elementor-top-column elementor-element elementor-element-86c5e24\" data-id=\"86c5e24\" data-element_type=\"column\" data-e-type=\"column\" data-settings=\"{&quot;background_background&quot;:&quot;classic&quot;}\">\n\t\t\t<div class=\"elementor-widget-wrap elementor-element-populated\">\n\t\t\t\t\t\t<div class=\"elementor-element elementor-element-509bd33 elementor-pagination-position-outside elementor-widget elementor-widget-image-carousel\" data-id=\"509bd33\" data-element_type=\"widget\" data-e-type=\"widget\" data-settings=\"{&quot;slides_to_show&quot;:&quot;3&quot;,&quot;slides_to_show_tablet&quot;:&quot;2&quot;,&quot;slides_to_show_mobile&quot;:&quot;1&quot;,&quot;slides_to_scroll&quot;:&quot;1&quot;,&quot;slides_to_scroll_tablet&quot;:&quot;1&quot;,&quot;navigation&quot;:&quot;dots&quot;,&quot;lazyload&quot;:&quot;yes&quot;,&quot;image_spacing_custom&quot;:{&quot;unit&quot;:&quot;px&quot;,&quot;size&quot;:50,&quot;sizes&quot;:[]},&quot;autoplay&quot;:&quot;yes&quot;,&quot;pause_on_hover&quot;:&quot;yes&quot;,&quot;pause_on_interaction&quot;:&quot;yes&quot;,&quot;autoplay_speed&quot;:5000,&quot;infinite&quot;:&quot;yes&quot;,&quot;speed&quot;:500,&quot;image_spacing_custom_tablet&quot;:{&quot;unit&quot;:&quot;px&quot;,&quot;size&quot;:&quot;&quot;,&quot;sizes&quot;:[]}}\" data-widget_type=\"image-carousel.default\">\n\t\t\t\t<div class=\"elementor-widget-container\">\n\t\t\t\t\t\t\t<div class=\"elementor-image-carousel-wrapper swiper\" role=\"region\" aria-roledescription=\"carousel\" aria-label=\"Carrusel de im\u00e1genes\" dir=\"ltr\">\n\t\t\t<div class=\"elementor-image-carousel swiper-wrapper\" aria-live=\"off\">\n\t\t\t\t\t\t\t\t<div class=\"swiper-slide\" role=\"group\" aria-roledescription=\"slide\" aria-label=\"1 de 5\" data-no-translation-aria-label=\"\"><figure class=\"swiper-slide-inner\"><img class=\"swiper-slide-image swiper-lazy\" data-src=\"https:\/\/chaseroofing.com\/wp-content\/uploads\/2023\/11\/Group-233.png\" alt=\"Acerca de nosotros: Certificado que certifica a Chase Roofing como miembro de la Asociaci\u00f3n de Contratistas de Techos del Sur de la Florida para 2019, firmado por el Presidente de RCASF, John Chase.\" \/><div class=\"swiper-lazy-preloader\"><\/div><\/figure><\/div><div class=\"swiper-slide\" role=\"group\" aria-roledescription=\"slide\" aria-label=\"2 de 5\" data-no-translation-aria-label=\"\"><figure class=\"swiper-slide-inner\"><img class=\"swiper-slide-image swiper-lazy\" data-src=\"https:\/\/chaseroofing.com\/wp-content\/uploads\/2023\/11\/Group-234.png\" alt=\"Certificado que indica que Chase Roofing es un orgulloso miembro de la Asociaci\u00f3n de Contratistas de Techos del Sur de la Florida para 2020, firmado por Mick Cronje, Presidente de RCASF. Aprenda m\u00e1s sobre nosotros y nuestro compromiso con la excelencia en techos.\" \/><div class=\"swiper-lazy-preloader\"><\/div><\/figure><\/div><div class=\"swiper-slide\" role=\"group\" aria-roledescription=\"slide\" aria-label=\"3 de 5\" data-no-translation-aria-label=\"\"><figure class=\"swiper-slide-inner\"><img class=\"swiper-slide-image swiper-lazy\" data-src=\"https:\/\/chaseroofing.com\/wp-content\/uploads\/2023\/11\/Group-235.png\" alt=\"Sobre nosotros: Un Certificado del Estado de Florida Departamento de Negocios y Regulaci\u00f3n Profesional fue emitido a Tamara Jean Chase para vidrio y cristal contratista, que expira el 31 de agosto de 2020.\" \/><div class=\"swiper-lazy-preloader\"><\/div><\/figure><\/div><div class=\"swiper-slide\" role=\"group\" aria-roledescription=\"slide\" aria-label=\"4 de 5\" data-no-translation-aria-label=\"\"><figure class=\"swiper-slide-inner\"><img class=\"swiper-slide-image swiper-lazy\" data-src=\"https:\/\/chaseroofing.com\/wp-content\/uploads\/2023\/11\/Chase_Owens-Corning_March-2019-e1554386416312.jpg.webp\" alt=\"Certificado concedido a Chase Roofing, reconoci\u00e9ndoles como Contratista Platino de Owens Corning Roofing, v\u00e1lido hasta el 31\/3\/2020. Visite la secci\u00f3n &quot;Qui\u00e9nes somos&quot; para obtener m\u00e1s informaci\u00f3n sobre los logros y las pol\u00edticas de la empresa.\" \/><div class=\"swiper-lazy-preloader\"><\/div><\/figure><\/div><div class=\"swiper-slide\" role=\"group\" aria-roledescription=\"slide\" aria-label=\"5 de 5\" data-no-translation-aria-label=\"\"><figure class=\"swiper-slide-inner\"><img class=\"swiper-slide-image swiper-lazy\" data-src=\"https:\/\/chaseroofing.com\/wp-content\/uploads\/2023\/11\/licence.png.webp\" alt=\"Un certificado de la Junta de Licencias de la Industria de la Construcci\u00f3n del Estado de Florida emitido a Tamara Jean Chase para la contrataci\u00f3n de techado, v\u00e1lido hasta el 31 de agosto de 2024. N\u00famero de licencia CCC1331558. Obtenga m\u00e1s informaci\u00f3n sobre nosotros y nuestras cualificaciones profesionales hoy.\" \/><div class=\"swiper-lazy-preloader\"><\/div><\/figure><\/div>\t\t\t<\/div>\n\t\t\t\t\t\t\t\n\t\t\t\t\t\t\t\t\t<div class=\"swiper-pagination\"><\/div>\n\t\t\t\t\t\t\t\t\t<\/div>\n\t\t\t\t\t\t<\/div>\n\t\t\t\t<\/div>\n\t\t\t\t\t<\/div>\n\t\t<\/div>\n\t\t\t\t\t<\/div>\n\t\t<\/section>\n\t\t\t\t<\/div>","protected":false},"excerpt":{"rendered":"<p>LICENSE Licenses, Certifications &#038; Safety Here at Chase Roofing, one of our top goals is to provide a safe and effective work environment from inside the office to out on the field. Safety has been a huge part of our culture, we provide weekly in-house training to all employees as well as certification in safety [&hellip;]<\/p>\n","protected":false},"author":2,"featured_media":0,"parent":0,"menu_order":0,"comment_status":"closed","ping_status":"closed","template":"elementor_header_footer","meta":{"_monsterinsights_skip_tracking":false,"_monsterinsights_sitenote_active":false,"_monsterinsights_sitenote_note":"","_monsterinsights_sitenote_category":0,"footnotes":""},"class_list":["post-403","page","type-page","status-publish","hentry"],"_links":{"self":[{"href":"https:\/\/chaseroofing.com\/es\/wp-json\/wp\/v2\/pages\/403","targetHints":{"allow":["GET"]}}],"collection":[{"href":"https:\/\/chaseroofing.com\/es\/wp-json\/wp\/v2\/pages"}],"about":[{"href":"https:\/\/chaseroofing.com\/es\/wp-json\/wp\/v2\/types\/page"}],"author":[{"embeddable":true,"href":"https:\/\/chaseroofing.com\/es\/wp-json\/wp\/v2\/users\/2"}],"replies":[{"embeddable":true,"href":"https:\/\/chaseroofing.com\/es\/wp-json\/wp\/v2\/comments?post=403"}],"version-history":[{"count":0,"href":"https:\/\/chaseroofing.com\/es\/wp-json\/wp\/v2\/pages\/403\/revisions"}],"wp:attachment":[{"href":"https:\/\/chaseroofing.com\/es\/wp-json\/wp\/v2\/media?parent=403"}],"curies":[{"name":"wp","href":"https:\/\/api.w.org\/{rel}","templated":true}]}}